{"id":90,"date":"2020-11-15T01:28:34","date_gmt":"2020-11-15T01:28:34","guid":{"rendered":"http:\/\/aguascalientes.tecnm.mx\/cluster\/?page_id=90"},"modified":"2021-02-26T20:02:15","modified_gmt":"2021-02-26T20:02:15","slug":"flex-aguascalientes","status":"publish","type":"page","link":"https:\/\/aguascalientes.tecnm.mx\/clia\/?page_id=90","title":{"rendered":"Flex Aguascalientes"},"content":{"rendered":"\n<div class=\"wp-block-group\"><div class=\"wp-block-group__inner-container\">\n<div class=\"wp-block-image\"><figure class=\"alignright size-large is-resized\"><img loading=\"lazy\" src=\"http:\/\/aguascalientes.tecnm.mx\/clia\/wp-content\/uploads\/2020\/11\/640px-Flex_logo_2015.svg_.png\" alt=\"\" class=\"wp-image-35\" width=\"298\" height=\"122\"\/><\/figure><\/div>\n\n\n\n<ul><li>Responsable de Vinculaci\u00f3n:&nbsp;<strong><strong>Xochitl S\u00e1nchez Mar\u00edn\/ Marcela Jim\u00e9nez Soto<\/strong><\/strong><\/li><li>N\u00fam. Telef\u00f3nico<ul><li>Trabajo:&nbsp;<strong><strong>1535406\/ 1535221<\/strong><\/strong><\/li><\/ul><\/li><li>Email: <strong>Xochitl.sanchez2@flex.com \/ Marcela.jimenez2@flex.com<\/strong><\/li><\/ul>\n\n\n\n<p><\/p>\n\n\n\n<p><\/p>\n\n\n\n<p><\/p>\n<\/div><\/div>\n\n\n\n<ul><li><strong>Cuenta con un programa de pr\u00e1cticas o residencias profesionales<\/strong><\/li><li><strong>No cuenta con programas en la modalidad dual<\/strong><\/li><li><strong>El nivel educativo de los practicantes o residentes es Licenciatura<\/strong><\/li><\/ul>\n\n\n\n<div class=\"wp-block-group\"><div class=\"wp-block-group__inner-container\">\n<p><strong><strong>Carreras y especialidades de los practicantes, residentes <\/strong><\/strong><\/p>\n\n\n\n<ul><li>Ingenier\u00edas (Electr\u00f3nica, Mecatr\u00f3nica e Industrial )<\/li><li>Licenciaturas ( Negocios, Administraci\u00f3n &amp; Relaciones Industriales)<\/li><\/ul>\n<\/div><\/div>\n\n\n\n<p><strong>Prop\u00f3sito del programa de pr\u00e1cticas, residencias profesionales<\/strong><\/p>\n\n\n\n<ul><li>Garantizar la contrataci\u00f3n y control de los estudiantes durante su estancia en la empresa, contando con una fuente importante de futuros profesionistas e identificando nuevos talentos que posean cultura y conocimientos previos de nuestra organizaci\u00f3n, as\u00ed como fomentar e incrementar las relaciones entre el sector educativo y Flex Aguascalientes.<\/li><\/ul>\n\n\n\n<p><strong>Periodo de duraci\u00f3n del programa de pr\u00e1cticas o residencias profesionales <\/strong><\/p>\n\n\n\n<ul><li>M\u00e1ximo 6 meses (de 4 a 6 horas diarias de lunes a viernes)<\/li><\/ul>\n\n\n\n<div class=\"wp-block-group\"><div class=\"wp-block-group__inner-container\">\n<p><strong>Las principales caracter\u00edsticas del programa de pr\u00e1cticas<\/strong> <strong>y\/o residencias profesionales<\/strong><\/p>\n\n\n\n<ul><li>Duraci\u00f3n de 6 meses<\/li><li>El estudiante tiene que ser alumno activo en los \u00faltimos semestres\/cuatrimestre<\/li><li>Contar con seguro social por parte de la instituci\u00f3n educativa y cumplir con el perfil requerido para el proyecto.<\/li><\/ul>\n<\/div><\/div>\n\n\n\n<div class=\"wp-block-group\"><div class=\"wp-block-group__inner-container\">\n<p><strong>Procedimiento para la realizaci\u00f3n de pr\u00e1cticas, residencias profesionales o dual<\/strong><\/p>\n\n\n\n<ol><li>Una vez generado un proyecto para pr\u00e1cticas<\/li><li>Se genera la requisici\u00f3n<\/li><li>Se hace b\u00fasqueda de candidatos<\/li><li>Se mandan CV <\/li><li>Se programan entrevistas<\/li><li>Se da una retroalimentaci\u00f3n<\/li><li>Una vez con el candidato seleccionado se procede a la contrataci\u00f3n.<\/li><\/ol>\n<\/div><\/div>\n\n\n\n<p><strong>La empresa otorga apoyo a residentes o practicantes con apoyo econ\u00f3mico de $5,544.90 mensuales, adem\u00e1s de transporte y comedor. <\/strong><\/p>\n\n\n\n<p><\/p>\n\n\n\n<p><strong>El programa de pr\u00e1cticas o residencias profesionales es utilizado por la empresa con fines de continuidad o empleabilidad<\/strong><\/p>\n\n\n\n<div class=\"wp-block-group\"><div class=\"wp-block-group__inner-container\">\n<p><strong>Durante el a\u00f1o 2020 realizaron su pr\u00e1ctica profesional <\/strong><\/p>\n\n\n\n<ul><li>34 practicantes<\/li><\/ul>\n<\/div><\/div>\n\n\n\n<p><strong>En el a\u00f1o 2021 el programa establecido esta limitado a 20 practicantes m\u00e1ximo, estos son distribuidos de acuerdo al HC de cada organizaci\u00f3n. <\/strong><\/p>\n\n\n\n<ul><li>Carreras: <ul><li>Ing. Industrial<\/li><li>Ing. Mecatr\u00f3nica<\/li><li>Ing. Gesti\u00f3n empresarial<\/li><li>Ing. Sistemas computacionales<\/li><li>Ing. Industria estad\u00edstico<\/li><li>Lic. Comercio Internacional<\/li><li>Lic. Relaciones Industriales<\/li><li>Lic. Negocios y administraci\u00f3n<\/li><li>Ing. Mec\u00e1nica, Ing. Materiales<\/li><li>Ing. Tecnolog\u00edas de la informaci\u00f3n y comunicaciones<\/li><li>Lic. Comunicaci\u00f3n<\/li><li>Entre otras.<\/li><\/ul><\/li><\/ul>\n","protected":false},"excerpt":{"rendered":"<p>Cuenta con un programa de pr\u00e1cticas o residencias profesionales No cuenta con programas en la modalidad dual El nivel educativo de los practicantes o residentes es Licenciatura Prop\u00f3sito del programa de pr\u00e1cticas, residencias profesionales Garantizar la contrataci\u00f3n y control de los estudiantes durante su estancia en la empresa, contando con una fuente importante de futuros &hellip; <\/p>\n","protected":false},"author":2,"featured_media":0,"parent":0,"menu_order":0,"comment_status":"closed","ping_status":"closed","template":"","meta":[],"_links":{"self":[{"href":"https:\/\/aguascalientes.tecnm.mx\/clia\/index.php?rest_route=\/wp\/v2\/pages\/90"}],"collection":[{"href":"https:\/\/aguascalientes.tecnm.mx\/clia\/index.php?rest_route=\/wp\/v2\/pages"}],"about":[{"href":"https:\/\/aguascalientes.tecnm.mx\/clia\/index.php?rest_route=\/wp\/v2\/types\/page"}],"author":[{"embeddable":true,"href":"https:\/\/aguascalientes.tecnm.mx\/clia\/index.php?rest_route=\/wp\/v2\/users\/2"}],"replies":[{"embeddable":true,"href":"https:\/\/aguascalientes.tecnm.mx\/clia\/index.php?rest_route=%2Fwp%2Fv2%2Fcomments&post=90"}],"version-history":[{"count":8,"href":"https:\/\/aguascalientes.tecnm.mx\/clia\/index.php?rest_route=\/wp\/v2\/pages\/90\/revisions"}],"predecessor-version":[{"id":418,"href":"https:\/\/aguascalientes.tecnm.mx\/clia\/index.php?rest_route=\/wp\/v2\/pages\/90\/revisions\/418"}],"wp:attachment":[{"href":"https:\/\/aguascalientes.tecnm.mx\/clia\/index.php?rest_route=%2Fwp%2Fv2%2Fmedia&parent=90"}],"curies":[{"name":"wp","href":"https:\/\/api.w.org\/{rel}","templated":true}]}}