{"id":85,"date":"2020-11-15T01:14:23","date_gmt":"2020-11-15T01:14:23","guid":{"rendered":"http:\/\/aguascalientes.tecnm.mx\/cluster\/?page_id=85"},"modified":"2021-02-26T20:02:41","modified_gmt":"2021-02-26T20:02:41","slug":"85-2","status":"publish","type":"page","link":"https:\/\/aguascalientes.tecnm.mx\/clia\/?page_id=85","title":{"rendered":"Eaton Industries"},"content":{"rendered":"\n<p>Responsable de Vinculaci\u00f3n<\/p>\n\n\n\n<div class=\"wp-block-group\"><div class=\"wp-block-group__inner-container\">\n<div class=\"wp-block-image\"><figure class=\"alignright size-large is-resized\"><img loading=\"lazy\" src=\"http:\/\/aguascalientes.tecnm.mx\/clia\/wp-content\/uploads\/2020\/11\/1200px-Eaton_Corporation_logo.svg_.png\" alt=\"\" class=\"wp-image-36\" width=\"363\" height=\"99\"\/><\/figure><\/div>\n\n\n\n<ul id=\"block-73d5de2c-783b-4f8c-b6e5-b603fbc2fa03\"><li>&nbsp;<strong><strong>Ariana Irais Soto Fern\u00e1ndez<\/strong><\/strong><\/li><li>N\u00fam. Telef\u00f3nico<ul><li>Trabajo:&nbsp;<strong><strong>4494786807<\/strong><\/strong><\/li><li>Cel.:&nbsp;<strong><strong>449 106 42 93<\/strong><\/strong><\/li><\/ul><\/li><li>Email: <strong><strong>arianaisoto@eaton.com<\/strong><\/strong><\/li><\/ul>\n\n\n\n<p><\/p>\n\n\n\n<p><strong>Programas<\/strong><\/p>\n<\/div><\/div>\n\n\n\n<ul><li><strong>Pr\u00e1cticas o residencias profesionales<\/strong><\/li><li><strong>No cuenta con programas en la modalidad dual<\/strong><\/li><\/ul>\n\n\n\n<p><strong>Nivel Educativo<\/strong><\/p>\n\n\n\n<p>Licenciatura<\/p>\n\n\n\n<p id=\"block-913af990-71b3-449f-9f97-43b2222b2bfc\"><strong><strong>Las carreras y especialidades<\/strong><\/strong><\/p>\n\n\n\n<ul><li>Ing. Industrial<\/li><li>Ing. Mecatr\u00f3nica<\/li><li>Ing. Qu\u00edmica<\/li><\/ul>\n\n\n\n<p><strong>Prop\u00f3sito<\/strong><\/p>\n\n\n\n<ul><li>Desarrollar talento para posiciones junior dentro de la organizaci\u00f3n<\/li><\/ul>\n\n\n\n<p id=\"block-e32580d2-730c-4ec0-975b-ed54fb1709a4\"><strong>Periodo de duraci\u00f3n<\/strong><\/p>\n\n\n\n<div class=\"wp-block-group\"><div class=\"wp-block-group__inner-container\">\n<ul><li> 6 a 12 meses<\/li><\/ul>\n<\/div><\/div>\n\n\n\n<div class=\"wp-block-group\"><div class=\"wp-block-group__inner-container\">\n<p id=\"block-89e45466-d21d-43e2-a28b-f8735c29acd0\"><strong>Principales caracter\u00edsticas<\/strong><\/p>\n\n\n\n<ul><li>Cubrir 6 horas diarias durante los periodos mencionados previamente, durante los cuales el practicante deber\u00e1 realizar un proyecto que impacte en las m\u00e9tricas del \u00e1rea y sitio. <\/li><li>A la par del proyecto la transferencia de conocimiento del l\u00edder del \u00e1rea y la evaluaci\u00f3n temprana de competencias y potencial.<\/li><\/ul>\n<\/div><\/div>\n\n\n\n<p><\/p>\n\n\n\n<div class=\"wp-block-group\"><div class=\"wp-block-group__inner-container\">\n<p id=\"block-e39a58ad-ba48-4a7b-b51c-6764ef354393\"><strong>Procedimiento<\/strong><\/p>\n\n\n\n<ol id=\"block-8910d554-6dd9-4c4c-afc6-7384f19857d0\"><li>Se realiza el requerimiento en la universidad o instituto acad\u00e9mico<\/li><li>Los candidatos preseleccionados son entrevistados y se realiza una selecci\u00f3n<\/li><li>En caso de ser seleccionado se contacta al candidato para realizar el enlace con la universidad y determinar el proyecto en el que se estar\u00e1 trabajando adem\u00e1s de los horarios y beneficios entregados.<\/li><li>Durante el periodo de practicas el practicante-residente tendr\u00e1 revisiones semanales de seguimiento sobre el progreso y sesiones mensuales de coaching.<\/li><\/ol>\n<\/div><\/div>\n\n\n\n<div class=\"wp-block-group\"><div class=\"wp-block-group__inner-container\">\n<p id=\"block-34bb10c6-9c3d-47aa-a3c4-92d7bfd814dc\"><strong>Apoyos otorgados<\/strong><\/p>\n\n\n\n<ul><li>$5,000.00 pesos mensuales <\/li><li>Apoyo de comedor <\/li><li>Transporte<\/li><\/ul>\n<\/div><\/div>\n\n\n\n<div class=\"wp-block-group\"><div class=\"wp-block-group__inner-container\">\n<p id=\"block-c203fe68-c687-4c8b-800e-68dc885ffc51\"><strong>Fines<\/strong><\/p>\n\n\n\n<ul><li>Continuidad <\/li><li>Empleabilidad<\/li><\/ul>\n<\/div><\/div>\n\n\n\n<div class=\"wp-block-group\"><div class=\"wp-block-group__inner-container\">\n<p id=\"block-03a26b36-0339-43dd-8fea-dcf5da682f46\"><strong>Estudiantes que realizaron su residencia profesional durante el a\u00f1o 2020<\/strong><\/p>\n\n\n\n<div class=\"wp-block-group\"><div class=\"wp-block-group__inner-container\">\n<ul><li>13 estudiantes <\/li><\/ul>\n<\/div><\/div>\n<\/div><\/div>\n\n\n\n<p><strong>N\u00famero de vacantes 2021<\/strong><\/p>\n\n\n\n<p id=\"block-12158ff8-8488-413c-8848-a34d246690ea\">16 residentes <\/p>\n\n\n\n<p id=\"block-f7159c23-3cdc-4c61-b0f7-0ce52c11e911\"><strong><strong>Aportaciones y recomendaciones<\/strong><\/strong><\/p>\n\n\n\n<ul><li>Buscar el que las instituciones promuevan mas el aprendizaje de idiomas, que nos permitir\u00eda darle mayor proyecci\u00f3n e involucramiento a los practicantes en proyectos con otras ubicaciones.<\/li><\/ul>\n","protected":false},"excerpt":{"rendered":"<p>Responsable de Vinculaci\u00f3n Pr\u00e1cticas o residencias profesionales No cuenta con programas en la modalidad dual Nivel Educativo Licenciatura Las carreras y especialidades Ing. Industrial Ing. Mecatr\u00f3nica Ing. Qu\u00edmica Prop\u00f3sito Desarrollar talento para posiciones junior dentro de la organizaci\u00f3n Periodo de duraci\u00f3n N\u00famero de vacantes 2021 16 residentes Aportaciones y recomendaciones Buscar el que las instituciones &hellip; <\/p>\n","protected":false},"author":2,"featured_media":0,"parent":0,"menu_order":0,"comment_status":"closed","ping_status":"closed","template":"","meta":[],"_links":{"self":[{"href":"https:\/\/aguascalientes.tecnm.mx\/clia\/index.php?rest_route=\/wp\/v2\/pages\/85"}],"collection":[{"href":"https:\/\/aguascalientes.tecnm.mx\/clia\/index.php?rest_route=\/wp\/v2\/pages"}],"about":[{"href":"https:\/\/aguascalientes.tecnm.mx\/clia\/index.php?rest_route=\/wp\/v2\/types\/page"}],"author":[{"embeddable":true,"href":"https:\/\/aguascalientes.tecnm.mx\/clia\/index.php?rest_route=\/wp\/v2\/users\/2"}],"replies":[{"embeddable":true,"href":"https:\/\/aguascalientes.tecnm.mx\/clia\/index.php?rest_route=%2Fwp%2Fv2%2Fcomments&post=85"}],"version-history":[{"count":12,"href":"https:\/\/aguascalientes.tecnm.mx\/clia\/index.php?rest_route=\/wp\/v2\/pages\/85\/revisions"}],"predecessor-version":[{"id":419,"href":"https:\/\/aguascalientes.tecnm.mx\/clia\/index.php?rest_route=\/wp\/v2\/pages\/85\/revisions\/419"}],"wp:attachment":[{"href":"https:\/\/aguascalientes.tecnm.mx\/clia\/index.php?rest_route=%2Fwp%2Fv2%2Fmedia&parent=85"}],"curies":[{"name":"wp","href":"https:\/\/api.w.org\/{rel}","templated":true}]}}