{"id":83,"date":"2020-11-15T00:59:22","date_gmt":"2020-11-15T00:59:22","guid":{"rendered":"http:\/\/aguascalientes.tecnm.mx\/cluster\/?page_id=83"},"modified":"2021-02-26T20:03:31","modified_gmt":"2021-02-26T20:03:31","slug":"cooper-standard-automotive","status":"publish","type":"page","link":"https:\/\/aguascalientes.tecnm.mx\/clia\/?page_id=83","title":{"rendered":"Cooper Standard Automotive"},"content":{"rendered":"\n<p><strong>Responsable de Vinculaci\u00f3n<\/strong><\/p>\n\n\n\n<div class=\"wp-block-group\"><div class=\"wp-block-group__inner-container\">\n<div class=\"wp-block-image\"><figure class=\"alignright size-large is-resized\"><img loading=\"lazy\" src=\"http:\/\/aguascalientes.tecnm.mx\/clia\/wp-content\/uploads\/2020\/11\/cooper-standard.png\" alt=\"\" class=\"wp-image-38\" width=\"234\" height=\"136\"\/><\/figure><\/div>\n\n\n\n<ul id=\"block-d91ff6e9-eb52-4593-bd8f-e54b2b92bb3f\"><li><strong>Gabriel Garcia \/ Jose Antonio Manrique<\/strong><\/li><li>N\u00fam. Telef\u00f3nico<ul><li>Trabajo:&nbsp;<strong><strong>449 922 2000<\/strong><\/strong><\/li><\/ul><\/li><li>Email: <strong>Gabriel.garcia@cooperstandard.com<\/strong> \/ <strong>Jose.manrique@cooperstandard.com<\/strong><\/li><\/ul>\n\n\n\n<p><\/p>\n\n\n\n<p><strong>Programas<\/strong><\/p>\n<\/div><\/div>\n\n\n\n<div class=\"wp-block-group\"><div class=\"wp-block-group__inner-container\">\n<div class=\"wp-block-group\"><div class=\"wp-block-group__inner-container\">\n<ul><li><strong>Pr\u00e1cticas o residencias profesionales<\/strong><\/li><li><strong>No cuenta con programas en la modalidad dual<\/strong><\/li><\/ul>\n\n\n\n<p><strong>Nivel Educativo<\/strong><\/p>\n\n\n\n<ul><li>T\u00e9cnico <\/li><li>Licenciatura<\/li><\/ul>\n<\/div><\/div>\n<\/div><\/div>\n\n\n\n<p id=\"block-5a04efa4-816f-4a4e-bf73-9de7e85b1c9c\"><strong>Carreras y especialidades<\/strong><\/p>\n\n\n\n<ul id=\"block-fb387ce4-ae7d-4b3b-b89b-0e1f7eba9706\"><li>Ing. Mecatr\u00f3nico<\/li><li>Ing. Industrial<\/li><li>Ing. en Innovaci\u00f3n y Dise\u00f1o<\/li><li>Ing. Industrial y de Sistemas<\/li><li>Ing. Gesti\u00f3n Empresarial<\/li><li>Ing. Automotriz<\/li><li>Ing. Tecnolog\u00eda Energ\u00e9tica<\/li><li>Lic. Administraci\u00f3n y Negocios Internacionales<\/li><li>T\u00e9cnico en M\u00e1q. Y Herr.<\/li><li>T\u00e9cnico en Control de Calidad<\/li><li>T\u00e9cnico en Mecatr\u00f3nica<\/li><li>T\u00e9cnico en Electromec\u00e1nica<\/li><\/ul>\n\n\n\n<p id=\"block-6e42ea0d-1586-4d55-8449-6f46ef36c02a\"><strong>Prop\u00f3sito<\/strong><\/p>\n\n\n\n<ul><li>Desarrollar las competencias necesarias en los j\u00f3venes para un desempe\u00f1o positivo dentro de las \u00e1reas de Cooper Standard. Al igual que complementar sus estudios en aula con la pr\u00e1ctica mediante tutores o coaches y un programa de aprendizaje definido.<\/li><li>A la par, se busca que proyectos o problem\u00e1ticas espec\u00edficas se resuelvan mediante creatividad, innovaci\u00f3n y trabajo estructurado por parte de Cooper Standard y los alumnos de las instituciones educativas.<\/li><li>Se busca crear un semillero de talento ben\u00e9fico a Cooper Standard.<\/li><\/ul>\n\n\n\n<p id=\"block-b5245ce7-63d5-4bec-9a94-7e26ebd9ee62\"><strong>Periodo de duraci\u00f3n<\/strong><\/p>\n\n\n\n<ul><li> 6 meses como m\u00ednimo, 11 meses m\u00e1ximo, en proyectos para licenciaturas\/ ingenier\u00edas.<\/li><li> Seis horas de lunes a viernes (40 minutos de comedor incluido). <\/li><li>10 meses para t\u00e9cnicos CONALEP. Seis horas de lunes a viernes (40 minutos de comedor incluido).<\/li><\/ul>\n\n\n\n<p><\/p>\n\n\n\n<p id=\"block-0c61c895-c6a4-4037-8364-60c350fb589c\"><strong>Principales caracter\u00edsticas<\/strong><\/p>\n\n\n\n<ul><li>Seguimiento individual por parte de gerencias, coaches y RRHH.<\/li><li>Proyectos de alto impacto aprobados por gerencia y desarrollados de forma interna.<\/li><li>Ingl\u00e9s avanzado como requisito en proyectos para licenciatura\/ ingenier\u00eda.<\/li><\/ul>\n\n\n\n<p id=\"block-922d22dd-249e-443a-80ab-042fa7677ffe\"><strong>Procedimiento <\/strong><\/p>\n\n\n\n<ol type=\"1\"><li>Que la instituci\u00f3n educativa est\u00e9 en convenio vigente aprobado y con los requisitos internos cumplidos.<\/li><li>Desarrollo interno de proyecto: aprobado por gerencias y RRHH.<\/li><li>B\u00fasqueda del perfil con las instituciones en convenio.<\/li><li>Entrevistas.<\/li><li>Selecci\u00f3n de candidato.<\/li><li>Seguimiento semanal de proyecto con gerencias.<\/li><li>Finalizaci\u00f3n del proyecto con resultados.<\/li><\/ol>\n\n\n\n<p id=\"block-4d626780-0b4e-4b0f-b3bc-fb6e28bfebf3\"><strong>Apoyos otorgados<\/strong><\/p>\n\n\n\n<div class=\"wp-block-group\"><div class=\"wp-block-group__inner-container\">\n<ul><li><strong>Apoyo econ\u00f3mico mensual pagado a la instituci\u00f3n educativa<\/strong><\/li><li><strong>Comedor<\/strong><\/li><li><strong>Transporte<\/strong><\/li><\/ul>\n<\/div><\/div>\n\n\n\n<p id=\"block-62977091-4b32-4bce-ad84-aa9847503f7b\"><\/p>\n\n\n\n<p id=\"block-5ed2891e-2b42-4b61-af70-7b1fe85eca5d\"><strong>Fines <\/strong><\/p>\n\n\n\n<ul><li><strong>Continuidad <\/strong><\/li><li><strong>Empleabilidad<\/strong><\/li><\/ul>\n\n\n\n<p><\/p>\n\n\n\n<p id=\"block-6dc12d10-58b7-4d96-a7d7-93763887a87a\"><strong>Antecedentes<\/strong><\/p>\n\n\n\n<p id=\"block-6dc12d10-58b7-4d96-a7d7-93763887a87a\">Estudiantes que  realizaron su pr\u00e1ctica, residencia profesional durante el a\u00f1o 2020:<\/p>\n\n\n\n<figure class=\"wp-block-table\"><table><tbody><tr><td>Ing. Mecatr\u00f3nico<\/td><td>1<\/td><\/tr><tr><td>Ing. Automotriz<\/td><td>1<\/td><\/tr><tr><td>Ing. Tecnolog\u00eda Energ\u00e9tica<\/td><td>1<\/td><\/tr><tr><td>Ing. Industrial y de Sistemas<\/td><td>6<\/td><\/tr><tr><td>T\u00e9cnico en M\u00e1q. Y Herr.<\/td><td>5<\/td><\/tr><tr><td>T\u00e9cnico en Control de Calidad<\/td><td>5<\/td><\/tr><tr><td>T\u00e9cnico en Mecatr\u00f3nica<\/td><td>2<\/td><\/tr><tr><td>T\u00e9cnico en Electromec\u00e1nica<\/td><td>3<\/td><\/tr><\/tbody><\/table><\/figure>\n\n\n\n<ul><li>En el 2021, esperamos recibir las mismas carreras mencionadas. Para t\u00e9cnicos la misma cantidad de alumnos, y para licenciatura\/ingenier\u00eda el doble de alumnos (18 al a\u00f1o, aprox.)<\/li><\/ul>\n","protected":false},"excerpt":{"rendered":"<p>Responsable de Vinculaci\u00f3n Carreras y especialidades Ing. Mecatr\u00f3nico Ing. Industrial Ing. en Innovaci\u00f3n y Dise\u00f1o Ing. Industrial y de Sistemas Ing. Gesti\u00f3n Empresarial Ing. Automotriz Ing. Tecnolog\u00eda Energ\u00e9tica Lic. Administraci\u00f3n y Negocios Internacionales T\u00e9cnico en M\u00e1q. Y Herr. T\u00e9cnico en Control de Calidad T\u00e9cnico en Mecatr\u00f3nica T\u00e9cnico en Electromec\u00e1nica Prop\u00f3sito Desarrollar las competencias necesarias en &hellip; <\/p>\n","protected":false},"author":2,"featured_media":0,"parent":0,"menu_order":0,"comment_status":"closed","ping_status":"closed","template":"","meta":[],"_links":{"self":[{"href":"https:\/\/aguascalientes.tecnm.mx\/clia\/index.php?rest_route=\/wp\/v2\/pages\/83"}],"collection":[{"href":"https:\/\/aguascalientes.tecnm.mx\/clia\/index.php?rest_route=\/wp\/v2\/pages"}],"about":[{"href":"https:\/\/aguascalientes.tecnm.mx\/clia\/index.php?rest_route=\/wp\/v2\/types\/page"}],"author":[{"embeddable":true,"href":"https:\/\/aguascalientes.tecnm.mx\/clia\/index.php?rest_route=\/wp\/v2\/users\/2"}],"replies":[{"embeddable":true,"href":"https:\/\/aguascalientes.tecnm.mx\/clia\/index.php?rest_route=%2Fwp%2Fv2%2Fcomments&post=83"}],"version-history":[{"count":12,"href":"https:\/\/aguascalientes.tecnm.mx\/clia\/index.php?rest_route=\/wp\/v2\/pages\/83\/revisions"}],"predecessor-version":[{"id":420,"href":"https:\/\/aguascalientes.tecnm.mx\/clia\/index.php?rest_route=\/wp\/v2\/pages\/83\/revisions\/420"}],"wp:attachment":[{"href":"https:\/\/aguascalientes.tecnm.mx\/clia\/index.php?rest_route=%2Fwp%2Fv2%2Fmedia&parent=83"}],"curies":[{"name":"wp","href":"https:\/\/api.w.org\/{rel}","templated":true}]}}