{"id":78,"date":"2020-11-15T00:44:19","date_gmt":"2020-11-15T00:44:19","guid":{"rendered":"http:\/\/aguascalientes.tecnm.mx\/cluster\/?page_id=78"},"modified":"2021-02-26T20:03:57","modified_gmt":"2021-02-26T20:03:57","slug":"ap-controles","status":"publish","type":"page","link":"https:\/\/aguascalientes.tecnm.mx\/clia\/?page_id=78","title":{"rendered":"AP Controles"},"content":{"rendered":"\n<p><strong>Responsable de Vinculaci\u00f3n<\/strong><\/p>\n\n\n\n<div class=\"wp-block-group\"><div class=\"wp-block-group__inner-container\">\n<div class=\"wp-block-image is-style-default\"><figure class=\"alignright size-large is-resized\"><img loading=\"lazy\" src=\"http:\/\/aguascalientes.tecnm.mx\/clia\/wp-content\/uploads\/2020\/11\/footer-logo.png\" alt=\"\" class=\"wp-image-39\" width=\"193\" height=\"133\"\/><\/figure><\/div>\n\n\n\n<ul><li><strong><strong>Raquel Adriana Guti\u00e9rrez<\/strong><\/strong><\/li><li>N\u00fam. Telef\u00f3nico<ul><li>Cel.:&nbsp;<strong><strong>656 704 5036<\/strong><\/strong><\/li><\/ul><\/li><li>Email: <strong>raquel.gutierrez@apcontroles.com<\/strong><\/li><\/ul>\n\n\n\n<p><\/p>\n\n\n\n<p><\/p>\n<\/div><\/div>\n\n\n\n<ul><li><strong>Programa de pr\u00e1cticas o residencias profesionales<\/strong><\/li><li><strong>No cuenta con programas en la modalidad dual<\/strong><\/li><\/ul>\n\n\n\n<p><strong>Nivel educativo <\/strong><\/p>\n\n\n\n<ul><li><strong>Nivel T\u00e9cnico <\/strong><\/li><li><strong>Nivel Licenciatura<\/strong><\/li><\/ul>\n\n\n\n<p><\/p>\n\n\n\n<p><strong>Carreras y especialidades<\/strong><\/p>\n\n\n\n<ul><li>Ingenier\u00edas en El\u00e9ctrica<\/li><li>Electromec\u00e1nica<\/li><li>Mecatr\u00f3nica<\/li><\/ul>\n\n\n\n<p><\/p>\n\n\n\n<p><strong>Prop\u00f3sito <\/strong><\/p>\n\n\n\n<ul><li>Apoyar el desarrollo de talento local en Aguascalientes mediante el entrenamiento y seguimiento de actividades en el rubro industrial<\/li><\/ul>\n\n\n\n<p><\/p>\n\n\n\n<div class=\"wp-block-group\"><div class=\"wp-block-group__inner-container\">\n<p><strong>Periodo de duraci\u00f3n<\/strong><\/p>\n\n\n\n<ul><li>6 meses<\/li><\/ul>\n<\/div><\/div>\n\n\n\n<p><strong>Principal caracter\u00edstica <\/strong><\/p>\n\n\n\n<ul><li>El desarrollo<\/li><\/ul>\n\n\n\n<p><strong>Procedimiento <\/strong><\/p>\n\n\n\n<ul><li>Variante de cada instituci\u00f3n , por el lado de AP controles es registro de aspirante:<ol><li>Se entrevista para determinar el objetivo de aprendizaje o \u00e1rea a desarrollar ,<\/li><li>Se manda aprobaci\u00f3n<\/li><li>Se da seguimiento por medio de objetivos mensuales hasta la culminaci\u00f3n de esos proyectos establecidos<\/li><\/ol><\/li><\/ul>\n\n\n\n<p><strong>Apoyos otorgados<\/strong><\/p>\n\n\n\n<ul><li>Apoyo econ\u00f3mico<\/li><\/ul>\n\n\n\n<p><strong>Fines<\/strong><\/p>\n\n\n\n<ul><li>Continuidad <\/li><li>Empleabilidad<\/li><li>Continuidad al empleo en la posici\u00f3n desarrollada<\/li><\/ul>\n\n\n\n<div class=\"wp-block-group\"><div class=\"wp-block-group__inner-container\">\n<p><strong>Antecedentes<\/strong><\/p>\n\n\n\n<p><strong>Estudiantes realizaron su pr\u00e1ctica y\/o residencia profesional durante el a\u00f1o 2020 <\/strong><\/p>\n\n\n\n<ul><li>Ingenier\u00eda en finanzas<\/li><li>Ingenier\u00eda en mecatr\u00f3nica <\/li><li>Ingenier\u00eda en sistemas<\/li><\/ul>\n<\/div><\/div>\n\n\n\n<p><\/p>\n\n\n\n<div class=\"wp-block-group\"><div class=\"wp-block-group__inner-container\">\n<div class=\"wp-block-group\"><div class=\"wp-block-group__inner-container\">\n<p><strong>N\u00famero de vacantes 2021 <\/strong><\/p>\n\n\n\n<ul><li>5 Residentes <\/li><\/ul>\n<\/div><\/div>\n\n\n\n<p><\/p>\n<\/div><\/div>\n\n\n\n<p><strong><strong>Aportaciones y recomendaciones <\/strong><\/strong><\/p>\n\n\n\n<ul><li>Mover la log\u00edstica a los medios digitales para acelerar los procesos de integraci\u00f3n laboral a los estudiantes&nbsp;<\/li><\/ul>\n","protected":false},"excerpt":{"rendered":"<p>Responsable de Vinculaci\u00f3n Programa de pr\u00e1cticas o residencias profesionales No cuenta con programas en la modalidad dual Nivel educativo Nivel T\u00e9cnico Nivel Licenciatura Carreras y especialidades Ingenier\u00edas en El\u00e9ctrica Electromec\u00e1nica Mecatr\u00f3nica Prop\u00f3sito Apoyar el desarrollo de talento local en Aguascalientes mediante el entrenamiento y seguimiento de actividades en el rubro industrial Principal caracter\u00edstica El desarrollo &hellip; <\/p>\n","protected":false},"author":2,"featured_media":0,"parent":0,"menu_order":0,"comment_status":"closed","ping_status":"closed","template":"","meta":[],"_links":{"self":[{"href":"https:\/\/aguascalientes.tecnm.mx\/clia\/index.php?rest_route=\/wp\/v2\/pages\/78"}],"collection":[{"href":"https:\/\/aguascalientes.tecnm.mx\/clia\/index.php?rest_route=\/wp\/v2\/pages"}],"about":[{"href":"https:\/\/aguascalientes.tecnm.mx\/clia\/index.php?rest_route=\/wp\/v2\/types\/page"}],"author":[{"embeddable":true,"href":"https:\/\/aguascalientes.tecnm.mx\/clia\/index.php?rest_route=\/wp\/v2\/users\/2"}],"replies":[{"embeddable":true,"href":"https:\/\/aguascalientes.tecnm.mx\/clia\/index.php?rest_route=%2Fwp%2Fv2%2Fcomments&post=78"}],"version-history":[{"count":10,"href":"https:\/\/aguascalientes.tecnm.mx\/clia\/index.php?rest_route=\/wp\/v2\/pages\/78\/revisions"}],"predecessor-version":[{"id":421,"href":"https:\/\/aguascalientes.tecnm.mx\/clia\/index.php?rest_route=\/wp\/v2\/pages\/78\/revisions\/421"}],"wp:attachment":[{"href":"https:\/\/aguascalientes.tecnm.mx\/clia\/index.php?rest_route=%2Fwp%2Fv2%2Fmedia&parent=78"}],"curies":[{"name":"wp","href":"https:\/\/api.w.org\/{rel}","templated":true}]}}