{"id":558,"date":"2021-06-29T21:16:53","date_gmt":"2021-06-29T21:16:53","guid":{"rendered":"http:\/\/aguascalientes.tecnm.mx\/clia\/?page_id=558"},"modified":"2021-06-29T21:23:31","modified_gmt":"2021-06-29T21:23:31","slug":"escoavi","status":"publish","type":"page","link":"https:\/\/aguascalientes.tecnm.mx\/clia\/?page_id=558","title":{"rendered":"QAS MEXICO"},"content":{"rendered":"\n<p><strong>Responsable de Vinculaci\u00f3n<\/strong><\/p>\n\n\n\n<div class=\"wp-block-image\"><figure class=\"alignright size-large is-resized\"><img loading=\"lazy\" src=\"http:\/\/aguascalientes.tecnm.mx\/clia\/wp-content\/uploads\/2021\/04\/QAS.jpg\" alt=\"\" class=\"wp-image-501\" width=\"-81\" height=\"-39\"\/><\/figure><\/div>\n\n\n\n<ul><li><strong><strong>Miriam Reyes<\/strong><\/strong><\/li><li>N\u00fam. Telef\u00f3nico<ul><li>Trabajo:&nbsp;<strong><strong>449 9942375<\/strong><\/strong><\/li><\/ul><\/li><li>Email:&nbsp;<strong>Miriam.reyes@qasmexico.com.mx<\/strong><\/li><\/ul>\n\n\n\n<p><strong>Programas<\/strong><\/p>\n\n\n\n<ul><li><strong>Pr\u00e1cticas o residencias profesionales<\/strong><\/li><li><strong>Programas en la modalidad dual<\/strong><\/li><\/ul>\n\n\n\n<p><strong>Nivel Educativo<\/strong><\/p>\n\n\n\n<ul><li><strong>Licenciatura<\/strong><\/li><li>T\u00e9cnico<\/li><li>TSU<\/li><\/ul>\n\n\n\n<p><strong>Carreras y especialidades<\/strong><\/p>\n\n\n\n<ul><li>Administrativas<\/li><li>Ing. Calidad y Producci\u00f3n<\/li><\/ul>\n\n\n\n<p><strong>El prop\u00f3sito<\/strong><\/p>\n\n\n\n<ul><li>Apoyar a los estudiantes y a su vez&nbsp; contar con su apoyo para realizar proyectos internos<\/li><\/ul>\n\n\n\n<p><strong>El Periodo de duraci\u00f3n<\/strong><\/p>\n\n\n\n<ul><li>Depende de las horas estipuladas por la universidad a la que pertenezcan<\/li><\/ul>\n\n\n\n<p><strong>Principales caracter\u00edsticas<\/strong><\/p>\n\n\n\n<ul><li>Desarrollo de proyectos<\/li><\/ul>\n\n\n\n<p><strong>Procedimiento<\/strong><\/p>\n\n\n\n<ul><li>Contactar al \u00e1rea de RH y ah\u00ed se les tomara la informaci\u00f3n necesaria para la realizaci\u00f3n de sus practicas y\/o residencias<\/li><\/ul>\n\n\n\n<p><strong>Apoyos otorgados<\/strong><\/p>\n\n\n\n<ul><li>Apoyo econ\u00f3mico<\/li><\/ul>\n\n\n\n<p><strong>Fines<\/strong><\/p>\n\n\n\n<ul><li>Empleabilidad<\/li><\/ul>\n\n\n\n<p><strong>Estudiantes que realizaron su pr\u00e1ctica, residencia profesional o modelo dual durante el a\u00f1o 2020<\/strong><\/p>\n\n\n\n<ul><li>3<\/li><\/ul>\n\n\n\n<p><strong>N\u00famero de vacantes 2021<\/strong><\/p>\n\n\n\n<ul><li>5 de diversas carreras de ingenier\u00eda y administraci\u00f3n<\/li><\/ul>\n","protected":false},"excerpt":{"rendered":"<p>Responsable de Vinculaci\u00f3n Miriam Reyes N\u00fam. Telef\u00f3nico Trabajo:&nbsp;449 9942375 Email:&nbsp;Miriam.reyes@qasmexico.com.mx Programas Pr\u00e1cticas o residencias profesionales Programas en la modalidad dual Nivel Educativo Licenciatura T\u00e9cnico TSU Carreras y especialidades Administrativas Ing. Calidad y Producci\u00f3n El prop\u00f3sito Apoyar a los estudiantes y a su vez&nbsp; contar con su apoyo para realizar proyectos internos El Periodo de duraci\u00f3n &hellip; <\/p>\n","protected":false},"author":1,"featured_media":0,"parent":0,"menu_order":0,"comment_status":"closed","ping_status":"closed","template":"","meta":[],"_links":{"self":[{"href":"https:\/\/aguascalientes.tecnm.mx\/clia\/index.php?rest_route=\/wp\/v2\/pages\/558"}],"collection":[{"href":"https:\/\/aguascalientes.tecnm.mx\/clia\/index.php?rest_route=\/wp\/v2\/pages"}],"about":[{"href":"https:\/\/aguascalientes.tecnm.mx\/clia\/index.php?rest_route=\/wp\/v2\/types\/page"}],"author":[{"embeddable":true,"href":"https:\/\/aguascalientes.tecnm.mx\/clia\/index.php?rest_route=\/wp\/v2\/users\/1"}],"replies":[{"embeddable":true,"href":"https:\/\/aguascalientes.tecnm.mx\/clia\/index.php?rest_route=%2Fwp%2Fv2%2Fcomments&post=558"}],"version-history":[{"count":3,"href":"https:\/\/aguascalientes.tecnm.mx\/clia\/index.php?rest_route=\/wp\/v2\/pages\/558\/revisions"}],"predecessor-version":[{"id":562,"href":"https:\/\/aguascalientes.tecnm.mx\/clia\/index.php?rest_route=\/wp\/v2\/pages\/558\/revisions\/562"}],"wp:attachment":[{"href":"https:\/\/aguascalientes.tecnm.mx\/clia\/index.php?rest_route=%2Fwp%2Fv2%2Fmedia&parent=558"}],"curies":[{"name":"wp","href":"https:\/\/api.w.org\/{rel}","templated":true}]}}