{"id":475,"date":"2021-04-19T23:44:11","date_gmt":"2021-04-19T23:44:11","guid":{"rendered":"http:\/\/aguascalientes.tecnm.mx\/clia\/?page_id=475"},"modified":"2021-04-19T23:47:16","modified_gmt":"2021-04-19T23:47:16","slug":"02x-mexico","status":"publish","type":"page","link":"https:\/\/aguascalientes.tecnm.mx\/clia\/?page_id=475","title":{"rendered":"02X M\u00c9XICO"},"content":{"rendered":"\n<p><strong>Responsable de Vinculaci\u00f3n<\/strong><\/p>\n\n\n\n<div class=\"wp-block-group\"><div class=\"wp-block-group__inner-container\">\n<div class=\"wp-block-image is-style-default\"><figure class=\"alignright size-large\"><img width=\"40%\" src=\"http:\/\/aguascalientes.tecnm.mx\/clia\/wp-content\/uploads\/2021\/03\/Imagen3.jpg\" alt=\"\" class=\"wp-image-447\"\/><\/figure><\/div>\n\n\n\n<ul><li><strong><strong><strong><strong>ANTONIO MART\u00cdN DEL CAMPO M\u00c1RQUEZ<\/strong><\/strong><\/strong><\/strong><\/li><li>N\u00fam. Telef\u00f3nico<ul><li>Cel.:&nbsp;<strong><strong><strong><strong>4493614714<\/strong><\/strong><\/strong><\/strong><\/li><li>Trabajo<strong>: <strong>4493614714<\/strong><\/strong><\/li><\/ul><\/li><li>Email: <strong><strong>tonymartin@02x.com.mx<\/strong><\/strong><\/li><\/ul>\n\n\n\n<p><\/p>\n\n\n\n<p><\/p>\n<\/div><\/div>\n\n\n\n<ul><li><strong>Programa de pr\u00e1cticas o residencias profesionales<\/strong><\/li><li><strong>No cuenta con programas en la modalidad dual<\/strong><\/li><\/ul>\n\n\n\n<p><strong>Nivel educativo <\/strong><\/p>\n\n\n\n<ul><li><strong>Nivel Licenciatura<\/strong><\/li><\/ul>\n\n\n\n<p><\/p>\n\n\n\n<p><strong>Carreras y especialidades<\/strong><\/p>\n\n\n\n<ul><li>Administrativas, Marketing, Ingenier\u00edas<\/li><\/ul>\n\n\n\n<p><\/p>\n\n\n\n<p><strong>Prop\u00f3sito <\/strong><\/p>\n\n\n\n<ul><li>Apoyar a que adquieran conocimientos y captar al mejor talento.<\/li><\/ul>\n\n\n\n<p><\/p>\n\n\n\n<div class=\"wp-block-group\"><div class=\"wp-block-group__inner-container\">\n<p><strong>Periodo de duraci\u00f3n<\/strong><\/p>\n\n\n\n<ul><li>3 meses de prueba y dependiendo del desempe\u00f1o se renuevan cada 6 meses. 5 horas diarias, 5 d\u00edas a la semana.<\/li><\/ul>\n<\/div><\/div>\n\n\n\n<p><strong>Principal caracter\u00edstica <\/strong><\/p>\n\n\n\n<ul><li>Involucrarse en todas las \u00e1reas para ver en cu\u00e1l se identifican mejor para desarrollarse en la misma.<\/li><\/ul>\n\n\n\n<p><strong>Procedimiento <\/strong><\/p>\n\n\n\n<ul><li>Entrevistas previas para pasar el filtro de empatar necesidades entre 02X M\u00e9xico y el estudiante.<\/li><\/ul>\n\n\n\n<p><strong>Apoyos otorgados<\/strong><\/p>\n\n\n\n<ul><li>Apoyo econ\u00f3mico<\/li><\/ul>\n\n\n\n<p><strong>Fines<\/strong><\/p>\n\n\n\n<ul><li>Continuidad. <\/li><\/ul>\n\n\n\n<p><strong>Estudiantes que realizaron su pr\u00e1ctica, residencia profesional o modelo dual durante el a\u00f1o 2020<\/strong><\/p>\n\n\n\n<ul><li>3 estudiantes (Mercadotecnia, Finanzas e Ingenier\u00eda)<\/li><\/ul>\n\n\n\n<p><strong>N\u00famero de vacantes 2021<\/strong><\/p>\n\n\n\n<ul><li>3 estudiantes (Mercadotecnia, Finanzas e Ingenier\u00eda)<\/li><\/ul>\n","protected":false},"excerpt":{"rendered":"<p>Responsable de Vinculaci\u00f3n Programa de pr\u00e1cticas o residencias profesionales No cuenta con programas en la modalidad dual Nivel educativo Nivel Licenciatura Carreras y especialidades Administrativas, Marketing, Ingenier\u00edas Prop\u00f3sito Apoyar a que adquieran conocimientos y captar al mejor talento. Principal caracter\u00edstica Involucrarse en todas las \u00e1reas para ver en cu\u00e1l se identifican mejor para desarrollarse en &hellip; <\/p>\n","protected":false},"author":1,"featured_media":0,"parent":0,"menu_order":0,"comment_status":"closed","ping_status":"closed","template":"","meta":[],"_links":{"self":[{"href":"https:\/\/aguascalientes.tecnm.mx\/clia\/index.php?rest_route=\/wp\/v2\/pages\/475"}],"collection":[{"href":"https:\/\/aguascalientes.tecnm.mx\/clia\/index.php?rest_route=\/wp\/v2\/pages"}],"about":[{"href":"https:\/\/aguascalientes.tecnm.mx\/clia\/index.php?rest_route=\/wp\/v2\/types\/page"}],"author":[{"embeddable":true,"href":"https:\/\/aguascalientes.tecnm.mx\/clia\/index.php?rest_route=\/wp\/v2\/users\/1"}],"replies":[{"embeddable":true,"href":"https:\/\/aguascalientes.tecnm.mx\/clia\/index.php?rest_route=%2Fwp%2Fv2%2Fcomments&post=475"}],"version-history":[{"count":3,"href":"https:\/\/aguascalientes.tecnm.mx\/clia\/index.php?rest_route=\/wp\/v2\/pages\/475\/revisions"}],"predecessor-version":[{"id":480,"href":"https:\/\/aguascalientes.tecnm.mx\/clia\/index.php?rest_route=\/wp\/v2\/pages\/475\/revisions\/480"}],"wp:attachment":[{"href":"https:\/\/aguascalientes.tecnm.mx\/clia\/index.php?rest_route=%2Fwp%2Fv2%2Fmedia&parent=475"}],"curies":[{"name":"wp","href":"https:\/\/api.w.org\/{rel}","templated":true}]}}