{"id":469,"date":"2021-04-16T20:26:19","date_gmt":"2021-04-16T20:26:19","guid":{"rendered":"http:\/\/aguascalientes.tecnm.mx\/clia\/?page_id=469"},"modified":"2021-05-06T15:18:35","modified_gmt":"2021-05-06T15:18:35","slug":"probecarios","status":"publish","type":"page","link":"https:\/\/aguascalientes.tecnm.mx\/clia\/?page_id=469","title":{"rendered":"Continental"},"content":{"rendered":"\n<p><strong>Responsable de Recursos Humanos<\/strong>:<\/p>\n\n\n\n<p><strong>Viridiana Reyes<\/strong><\/p>\n\n\n\n<div class=\"wp-block-group\"><div class=\"wp-block-group__inner-container\">\n<div class=\"wp-block-group\"><div class=\"wp-block-group__inner-container\">\n<ul id=\"block-0e036ce0-6b80-40a3-8a5d-32e39e53330b\"><li>N\u00fam. Telef\u00f3nico<ul><li>Cel:&nbsp;<strong><strong>5523140586<\/strong><\/strong><\/li><\/ul><\/li><li>Email: vreyes@probecarios.com<\/li><\/ul>\n\n\n\n<div class=\"wp-block-image\"><figure class=\"alignright size-large is-resized\"><img loading=\"lazy\" src=\"http:\/\/aguascalientes.tecnm.mx\/clia\/wp-content\/uploads\/2021\/03\/Imagen6.png\" alt=\"\" class=\"wp-image-441\" width=\"426\" height=\"178\"\/><\/figure><\/div>\n\n\n\n<p><\/p>\n\n\n\n<p><strong>Programas<\/strong><\/p>\n<\/div><\/div>\n\n\n\n<ul><li><strong>Pr\u00e1cticas o residencias profesionales<\/strong><\/li><\/ul>\n\n\n\n<p><strong>Nivel Educativo <\/strong><\/p>\n\n\n\n<ul><li><strong>TSU<\/strong><\/li><li><strong>Licenciatura<\/strong><\/li><\/ul>\n\n\n\n<p><\/p>\n\n\n\n<p><strong>Carreras y especialidades<\/strong><\/p>\n<\/div><\/div>\n\n\n\n<ul><li>Ingenier\u00edas y Carreras econ\u00f3mico administrativas<\/li><\/ul>\n\n\n\n<p><strong>Prop\u00f3sito<\/strong><\/p>\n\n\n\n<div class=\"wp-block-group\"><div class=\"wp-block-group__inner-container\">\n<ul><li> Brindar la oportunidad a los j\u00f3venes universitarios de poner en pr\u00e1ctica sus conocimientos en un campo encaminado a su desarrollo profesional.<\/li><\/ul>\n<\/div><\/div>\n\n\n\n<p><strong>Periodo de duraci\u00f3n<\/strong><\/p>\n\n\n\n<ul><li>6hrs como m\u00e1ximo de lunes a viernes; duraci\u00f3n de 6 a 12 meses<\/li><\/ul>\n\n\n\n<div class=\"wp-block-group\"><div class=\"wp-block-group__inner-container\">\n<p><strong>Principales caracter\u00edsticas<\/strong><\/p>\n\n\n\n<ul><li>Actividades acordes a sus conocimientos escolares para adquirir experiencia profesional<\/li><\/ul>\n\n\n\n<p><\/p>\n<\/div><\/div>\n\n\n\n<p><strong>Procedimiento <\/strong><\/p>\n\n\n\n<ul><li>Todo el tr\u00e1mite de pr\u00e1cticas profesionales es directamente con Probecarios y las universidades.<\/li><\/ul>\n\n\n\n<p><strong>Apoyos otorgados<\/strong><\/p>\n\n\n\n<ul><li>Apoyo econ\u00f3mico por parte de la empresa.<\/li><\/ul>\n\n\n\n<p><\/p>\n","protected":false},"excerpt":{"rendered":"<p>Responsable de Recursos Humanos: Viridiana Reyes Ingenier\u00edas y Carreras econ\u00f3mico administrativas Prop\u00f3sito Periodo de duraci\u00f3n 6hrs como m\u00e1ximo de lunes a viernes; duraci\u00f3n de 6 a 12 meses Procedimiento Todo el tr\u00e1mite de pr\u00e1cticas profesionales es directamente con Probecarios y las universidades. Apoyos otorgados Apoyo econ\u00f3mico por parte de la empresa.<\/p>\n","protected":false},"author":1,"featured_media":0,"parent":0,"menu_order":0,"comment_status":"closed","ping_status":"closed","template":"","meta":[],"_links":{"self":[{"href":"https:\/\/aguascalientes.tecnm.mx\/clia\/index.php?rest_route=\/wp\/v2\/pages\/469"}],"collection":[{"href":"https:\/\/aguascalientes.tecnm.mx\/clia\/index.php?rest_route=\/wp\/v2\/pages"}],"about":[{"href":"https:\/\/aguascalientes.tecnm.mx\/clia\/index.php?rest_route=\/wp\/v2\/types\/page"}],"author":[{"embeddable":true,"href":"https:\/\/aguascalientes.tecnm.mx\/clia\/index.php?rest_route=\/wp\/v2\/users\/1"}],"replies":[{"embeddable":true,"href":"https:\/\/aguascalientes.tecnm.mx\/clia\/index.php?rest_route=%2Fwp%2Fv2%2Fcomments&post=469"}],"version-history":[{"count":7,"href":"https:\/\/aguascalientes.tecnm.mx\/clia\/index.php?rest_route=\/wp\/v2\/pages\/469\/revisions"}],"predecessor-version":[{"id":521,"href":"https:\/\/aguascalientes.tecnm.mx\/clia\/index.php?rest_route=\/wp\/v2\/pages\/469\/revisions\/521"}],"wp:attachment":[{"href":"https:\/\/aguascalientes.tecnm.mx\/clia\/index.php?rest_route=%2Fwp%2Fv2%2Fmedia&parent=469"}],"curies":[{"name":"wp","href":"https:\/\/api.w.org\/{rel}","templated":true}]}}