{"id":453,"date":"2021-03-16T23:19:15","date_gmt":"2021-03-16T23:19:15","guid":{"rendered":"http:\/\/aguascalientes.tecnm.mx\/clia\/?page_id=453"},"modified":"2021-03-16T23:22:25","modified_gmt":"2021-03-16T23:22:25","slug":"cooperation-manufacturing-plant-aguascalientes","status":"publish","type":"page","link":"https:\/\/aguascalientes.tecnm.mx\/clia\/?page_id=453","title":{"rendered":"Cooperation Manufacturing Plant Aguascalientes"},"content":{"rendered":"\n<div class=\"wp-block-group\"><div class=\"wp-block-group__inner-container\">\n<p><strong>Responsable de Vinculaci\u00f3n<\/strong><\/p>\n\n\n\n<div class=\"wp-block-group\"><div class=\"wp-block-group__inner-container\">\n<div class=\"wp-block-group\"><div class=\"wp-block-group__inner-container\">\n<div class=\"wp-block-image\"><figure class=\"alignright size-large\"><img src=\"http:\/\/aguascalientes.tecnm.mx\/clia\/wp-content\/uploads\/2021\/01\/compas-logo.png\" width=\"40%\" alt=\"\" class=\"wp-image-396\"\/><\/figure><\/div>\n\n\n\n<ul id=\"block-0e036ce0-6b80-40a3-8a5d-32e39e53330b\"><li>&nbsp;<strong><strong>Guadalupe L\u00f3pez&nbsp; Gonz\u00e1lez<\/strong><\/strong><\/li><li>N\u00fam. Telef\u00f3nico<ul><li>Trabajo:&nbsp;<strong><strong>9682100 ext.3002<\/strong><\/strong><\/li><\/ul><\/li><li>Email: <strong><strong>Guadalupe.lopezgonzalez@compas-mx.com<\/strong><\/strong><\/li><\/ul>\n\n\n\n<p><\/p>\n\n\n\n<p><strong>Programas<\/strong><\/p>\n<\/div><\/div>\n\n\n\n<ul><li><strong>Pr\u00e1cticas o residencias profesionales<\/strong><\/li><\/ul>\n\n\n\n<p><strong>Nivel Educativo<\/strong><\/p>\n\n\n\n<ul><li><strong>Licenciatura<\/strong><\/li><\/ul>\n\n\n\n<p><\/p>\n\n\n\n<p><\/p>\n<\/div><\/div>\n\n\n\n<div class=\"wp-block-group\"><div class=\"wp-block-group__inner-container\">\n<div class=\"wp-block-group\"><div class=\"wp-block-group__inner-container\">\n<p><strong>Carreras y especialidades <\/strong> <\/p>\n\n\n\n<ul><li>Ingenier\u00edas relacionadas con el ramo automotriz, \u00c1reas Financieras, Recursos Humanos, Tecnolog\u00eda de la Informaci\u00f3n, Regulaciones Legales, Gesti\u00f3n de Proyectos, Capacitaci\u00f3n, Compras en marco comercial y comunicaci\u00f3n principalmente<\/li><\/ul>\n\n\n\n<p><\/p>\n<\/div><\/div>\n\n\n\n<p><\/p>\n<\/div><\/div>\n\n\n\n<div class=\"wp-block-group\"><div class=\"wp-block-group__inner-container\">\n<p><strong>Prop\u00f3sito<\/strong><\/p>\n\n\n\n<ul><li>Aportar experiencia y conocimiento a los estudiantes mediante el desarrollo de proyectos que impliquen mejora en los procesos para la compa\u00f1\u00eda.<\/li><\/ul>\n<\/div><\/div>\n\n\n\n<div class=\"wp-block-group\"><div class=\"wp-block-group__inner-container\">\n<p><strong>Periodo de duraci\u00f3n<\/strong><\/p>\n\n\n\n<ul><li>4 meses con un horario de 6.5 Hrs. de Lunes a Viernes.<\/li><\/ul>\n<\/div><\/div>\n\n\n\n<div class=\"wp-block-group\"><div class=\"wp-block-group__inner-container\">\n<p>P<strong>rincipales caracter\u00edsticas<\/strong><\/p>\n\n\n\n<ul><li>Actualmente estudiantes cursando sus \u00faltimos semestres de la carrera, se pide un buen nivel de ingl\u00e9s, sin embargo, buscamos ampliar estas caracter\u00edsticas en temporalidad y niveles educativos.<\/li><\/ul>\n\n\n\n<p><\/p>\n<\/div><\/div>\n\n\n\n<p><strong>Procedimiento<\/strong><\/p>\n\n\n\n<ul><li>Internamente las \u00e1reas dan a conocer los proyectos y el perfil que buscan, se lanza la convocatoria a las universidades con las que tengamos convenio, se hace un proceso de selecci\u00f3n, durante su estancia van preparando la presentaci\u00f3n y avance de su proyecto se eligen mediante un comit\u00e9 interno los 3 mejores y estos son presentados a la alta direcci\u00f3n de la compa\u00f1\u00eda al cierre del ciclo.<\/li><\/ul>\n\n\n\n<div class=\"wp-block-group\"><div class=\"wp-block-group__inner-container\">\n<p><strong>Apoyos otorgados<\/strong><\/p>\n\n\n\n<ul><li>Econ\u00f3mico <\/li><li>Comedor <\/li><li>Transporte<\/li><\/ul>\n<\/div><\/div>\n\n\n\n<p><\/p>\n\n\n\n<div class=\"wp-block-group\"><div class=\"wp-block-group__inner-container\">\n<p><strong>Fines<\/strong><\/p>\n\n\n\n<ul><li>Continuidad<\/li><li>Empleabilidad<\/li><\/ul>\n<\/div><\/div>\n<\/div><\/div>\n","protected":false},"excerpt":{"rendered":"","protected":false},"author":1,"featured_media":0,"parent":0,"menu_order":0,"comment_status":"closed","ping_status":"closed","template":"","meta":[],"_links":{"self":[{"href":"https:\/\/aguascalientes.tecnm.mx\/clia\/index.php?rest_route=\/wp\/v2\/pages\/453"}],"collection":[{"href":"https:\/\/aguascalientes.tecnm.mx\/clia\/index.php?rest_route=\/wp\/v2\/pages"}],"about":[{"href":"https:\/\/aguascalientes.tecnm.mx\/clia\/index.php?rest_route=\/wp\/v2\/types\/page"}],"author":[{"embeddable":true,"href":"https:\/\/aguascalientes.tecnm.mx\/clia\/index.php?rest_route=\/wp\/v2\/users\/1"}],"replies":[{"embeddable":true,"href":"https:\/\/aguascalientes.tecnm.mx\/clia\/index.php?rest_route=%2Fwp%2Fv2%2Fcomments&post=453"}],"version-history":[{"count":2,"href":"https:\/\/aguascalientes.tecnm.mx\/clia\/index.php?rest_route=\/wp\/v2\/pages\/453\/revisions"}],"predecessor-version":[{"id":462,"href":"https:\/\/aguascalientes.tecnm.mx\/clia\/index.php?rest_route=\/wp\/v2\/pages\/453\/revisions\/462"}],"wp:attachment":[{"href":"https:\/\/aguascalientes.tecnm.mx\/clia\/index.php?rest_route=%2Fwp%2Fv2%2Fmedia&parent=453"}],"curies":[{"name":"wp","href":"https:\/\/api.w.org\/{rel}","templated":true}]}}