{"id":430,"date":"2021-03-11T21:01:57","date_gmt":"2021-03-11T21:01:57","guid":{"rendered":"http:\/\/aguascalientes.tecnm.mx\/clia\/?page_id=430"},"modified":"2021-03-11T21:01:58","modified_gmt":"2021-03-11T21:01:58","slug":"mexstamp","status":"publish","type":"page","link":"https:\/\/aguascalientes.tecnm.mx\/clia\/?page_id=430","title":{"rendered":"Mexstamp"},"content":{"rendered":"\n<p><strong>Responsable de Vinculaci\u00f3n<\/strong><\/p>\n\n\n\n<div class=\"wp-block-group\"><div class=\"wp-block-group__inner-container\">\n<div class=\"wp-block-group\"><div class=\"wp-block-group__inner-container\">\n<div class=\"wp-block-image\"><figure class=\"alignright size-large is-resized\"><img loading=\"lazy\" src=\"http:\/\/aguascalientes.tecnm.mx\/clia\/wp-content\/uploads\/2021\/01\/Screenshot_13.png\" alt=\"\" class=\"wp-image-400\" width=\"221\" height=\"196\"\/><\/figure><\/div>\n\n\n\n<ul id=\"block-0e036ce0-6b80-40a3-8a5d-32e39e53330b\"><li><strong>\u00a0Raul Muro Mu\u00f1oz<\/strong><\/li><li>N\u00fam. Telef\u00f3nico<ul><li>Trabajo:\u00a0<strong><strong>449 63 9964<\/strong><\/strong><\/li><li>Cel.:<strong> 449 352 6809<\/strong><\/li><\/ul><\/li><li>Email: <\/li><\/ul>\n\n\n\n<figure class=\"wp-block-table\"><table><tbody><tr><td><strong>raul.muro@mexstamp.com.mx<\/strong><\/td><\/tr><\/tbody><\/table><\/figure>\n\n\n\n<p><\/p>\n\n\n\n<p><strong>Programas<\/strong><\/p>\n<\/div><\/div>\n\n\n\n<ul><li><strong>Pr\u00e1cticas o residencias profesionales<\/strong><\/li><li><strong>Modalidad dual<\/strong><\/li><\/ul>\n\n\n\n<p><strong>Nivel Educativo<\/strong><\/p>\n\n\n\n<ul><li><strong>Licenciatura<\/strong><\/li><\/ul>\n<\/div><\/div>\n\n\n\n<div class=\"wp-block-group\"><div class=\"wp-block-group__inner-container\">\n<div class=\"wp-block-group\"><div class=\"wp-block-group__inner-container\">\n<p><strong>Carreras y especialidades <\/strong> <\/p>\n\n\n\n<ul><li>Ing. Mec\u00e1nica<\/li><li>Ing. Industrial<\/li><\/ul>\n<\/div><\/div>\n<\/div><\/div>\n\n\n\n<div class=\"wp-block-group\"><div class=\"wp-block-group__inner-container\">\n<p><strong>Prop\u00f3sito<\/strong><\/p>\n\n\n\n<ul><li>Ayudarlos en su proceso de titulaci\u00f3n mediante la implementaci\u00f3n de proyectos que sean ben\u00e9ficos para nuestra empresa.<\/li><\/ul>\n<\/div><\/div>\n\n\n\n<div class=\"wp-block-group\"><div class=\"wp-block-group__inner-container\">\n<p><strong>Periodo de duraci\u00f3n<\/strong><\/p>\n\n\n\n<ul><li>\u00a06 meses y el horario es de lunes a viernes de 8:00 a 17:30<\/li><\/ul>\n<\/div><\/div>\n\n\n\n<div class=\"wp-block-group\"><div class=\"wp-block-group__inner-container\">\n<p>P<strong>rincipales caracter\u00edsticas<\/strong><\/p>\n\n\n\n<ul><li>Que obtengan experiencia en el \u00e1mbito laboral, y que de acuerdo a los resultados otorgados logran que sean contratados en nuestra empresa<\/li><\/ul>\n\n\n\n<p><\/p>\n<\/div><\/div>\n\n\n\n<p><strong>Procedimiento<\/strong><\/p>\n\n\n\n<p>Los departamentos que necesiten del servicio de un becario, debe de generar una solicitud por escrito y esta debe de ser autorizada por el Director de la planta.<\/p>\n\n\n\n<p>Estudiantes: Deben de mandar su CV al correo de RRHH y pasar por el proceso de selecci\u00f3n. Una vez que sea elegido, debe de presentar su carta de la universidad.<\/p>\n\n\n\n<div class=\"wp-block-group\"><div class=\"wp-block-group__inner-container\">\n<p><strong>Apoyos otorgados<\/strong><\/p>\n\n\n\n<ul><li>Se da un apoyo de $1,200 semanales<\/li><\/ul>\n<\/div><\/div>\n\n\n\n<p><\/p>\n\n\n\n<div class=\"wp-block-group\"><div class=\"wp-block-group__inner-container\">\n<p><strong>Fines<\/strong><\/p>\n\n\n\n<ul><li>Continuidad<\/li><li>Empleabilidad<\/li><\/ul>\n<\/div><\/div>\n\n\n\n<p><strong>N\u00famero de vacantes 2021<\/strong><\/p>\n\n\n\n<ul><li><strong>2<\/strong><\/li><\/ul>\n\n\n\n<p><\/p>\n","protected":false},"excerpt":{"rendered":"<p>Responsable de Vinculaci\u00f3n Procedimiento Los departamentos que necesiten del servicio de un becario, debe de generar una solicitud por escrito y esta debe de ser autorizada por el Director de la planta. Estudiantes: Deben de mandar su CV al correo de RRHH y pasar por el proceso de selecci\u00f3n. Una vez que sea elegido, debe &hellip; <\/p>\n","protected":false},"author":1,"featured_media":0,"parent":0,"menu_order":0,"comment_status":"closed","ping_status":"closed","template":"","meta":[],"_links":{"self":[{"href":"https:\/\/aguascalientes.tecnm.mx\/clia\/index.php?rest_route=\/wp\/v2\/pages\/430"}],"collection":[{"href":"https:\/\/aguascalientes.tecnm.mx\/clia\/index.php?rest_route=\/wp\/v2\/pages"}],"about":[{"href":"https:\/\/aguascalientes.tecnm.mx\/clia\/index.php?rest_route=\/wp\/v2\/types\/page"}],"author":[{"embeddable":true,"href":"https:\/\/aguascalientes.tecnm.mx\/clia\/index.php?rest_route=\/wp\/v2\/users\/1"}],"replies":[{"embeddable":true,"href":"https:\/\/aguascalientes.tecnm.mx\/clia\/index.php?rest_route=%2Fwp%2Fv2%2Fcomments&post=430"}],"version-history":[{"count":1,"href":"https:\/\/aguascalientes.tecnm.mx\/clia\/index.php?rest_route=\/wp\/v2\/pages\/430\/revisions"}],"predecessor-version":[{"id":431,"href":"https:\/\/aguascalientes.tecnm.mx\/clia\/index.php?rest_route=\/wp\/v2\/pages\/430\/revisions\/431"}],"wp:attachment":[{"href":"https:\/\/aguascalientes.tecnm.mx\/clia\/index.php?rest_route=%2Fwp%2Fv2%2Fmedia&parent=430"}],"curies":[{"name":"wp","href":"https:\/\/api.w.org\/{rel}","templated":true}]}}