{"id":409,"date":"2021-02-26T19:56:06","date_gmt":"2021-02-26T19:56:06","guid":{"rendered":"http:\/\/aguascalientes.tecnm.mx\/clia\/?page_id=409"},"modified":"2021-03-03T18:25:09","modified_gmt":"2021-03-03T18:25:09","slug":"acabados-metalicos-innovadores-s-a-de-c-v","status":"publish","type":"page","link":"https:\/\/aguascalientes.tecnm.mx\/clia\/?page_id=409","title":{"rendered":"Acabados Met\u00e1licos Innovadores"},"content":{"rendered":"\n<p><strong>Responsable de Vinculaci\u00f3n<\/strong><\/p>\n\n\n\n<div class=\"wp-block-image\"><figure class=\"alignright size-large is-resized\"><img src=\"http:\/\/aguascalientes.tecnm.mx\/clia\/wp-content\/uploads\/2020\/11\/logo-aminsa.jpg\" alt=\"\" class=\"wp-image-267\" width=\"20%\"\/><\/figure><\/div>\n\n\n\n<ul><li><strong>JOSE MANUEL VALDEZ GUTI\u00c9RREZ<\/strong><\/li><li>N\u00fam. Telef\u00f3nico<ul><li>Trabajo:&nbsp;<strong>4499730494<\/strong><\/li><li>Cel.:<strong>4491886903<\/strong><\/li><\/ul><\/li><li>Email:&nbsp;<strong>jvaldez@gicbc.com.mx<\/strong><\/li><\/ul>\n\n\n\n<p><strong>Programas<\/strong><\/p>\n\n\n\n<ul><li><strong>Pr\u00e1cticas o residencias profesionales<\/strong><\/li><li><strong>Cuenta con programas en la modalidad dual<\/strong><\/li><\/ul>\n\n\n\n<p><strong>Nivel Educativo<\/strong><\/p>\n\n\n\n<ul><li><strong>Licenciatura<\/strong><\/li><\/ul>\n\n\n\n<p><strong>Carreras y especialidades<\/strong><\/p>\n\n\n\n<ul><li>Ingenier\u00eda<\/li><li>Contador P\u00fablico<\/li><li>Administraci\u00f3n de Empresas<\/li><\/ul>\n\n\n\n<p><strong>El prop\u00f3sito<\/strong><\/p>\n\n\n\n<ul><li>Brindar un espacio de pr\u00e1ctica y aprendizaje a los estudiantes, ya que en AMINSA confiamos en el talento y apostamos por \u00e9l.<\/li><\/ul>\n\n\n\n<p><strong>El Periodo de duraci\u00f3n<\/strong><\/p>\n\n\n\n<ul><li>La duraci\u00f3n de las pr\u00e1cticas es de m\u00e1ximo dos a\u00f1os, las horas se negocian seg\u00fan las que requiera el estudiante por sus horarios de estudio.<\/li><\/ul>\n\n\n\n<p><strong>Principales caracter\u00edsticas<\/strong><\/p>\n\n\n\n<ul><li>Es un espacio de trabajo seguro, en el que se les asesora continuamente, se les brindan las herramientas requeridas y se vela por que logren equilibrar sus responsabilidades acad\u00e9micas y profesionales.<\/li><\/ul>\n\n\n\n<p><strong>Procedimiento<\/strong><\/p>\n\n\n\n<ul><li>Se publican en redes sociales las vacantes, los estudiantes mandan su CV al encargado del proyecto, se valoran los CV y se solicita, por tel\u00e9fono, una entrevista con el candidato. Posterior a la entrevista con RH, los candidatos que se consideran aptos para el puesto son entrevistados por los jefes de \u00e1rea. Se selecciona a los mejores candidatos y se les aplican ex\u00e1menes psicom\u00e9tricos. Posterior a esto, los perfiles m\u00e1s adecuados son entrevistados para identificar sus horarios escolares, necesidades especiales de aprendizaje y requerimientos acad\u00e9micos para generar los acuerdos necesarios que les permitan cumplir con sus horarios y responsabilidades escolares y laborales.<\/li><\/ul>\n\n\n\n<p><strong>Apoyos otorgados<\/strong><\/p>\n\n\n\n<ul><li>Se les brinda un sueldo y horario de trabajo flexible.<\/li><\/ul>\n\n\n\n<p><strong>Fines<\/strong><\/p>\n\n\n\n<ul><li>Continuidad<\/li><li>Empleabilidad<\/li><\/ul>\n\n\n\n<p><strong>Estudiantes que realizaron su pr\u00e1ctica, residencia profesional o modelo dual durante el a\u00f1o 2020<\/strong><\/p>\n\n\n\n<ul><li>1 Ingeniero Industrial, 5 Contadores P\u00fablicos.<\/li><\/ul>\n\n\n\n<p><strong>N\u00famero de vacantes 2021<\/strong><\/p>\n\n\n\n<ul><li>Aproximadamente 10 de Ingenier\u00eda Industrial, Mecatr\u00f3nica, Comercio Internacional, Administraci\u00f3n, Contador P\u00fablico.<\/li><\/ul>\n","protected":false},"excerpt":{"rendered":"<p>Responsable de Vinculaci\u00f3n JOSE MANUEL VALDEZ GUTI\u00c9RREZ N\u00fam. Telef\u00f3nico Trabajo:&nbsp;4499730494 Cel.:4491886903 Email:&nbsp;jvaldez@gicbc.com.mx Programas Pr\u00e1cticas o residencias profesionales Cuenta con programas en la modalidad dual Nivel Educativo Licenciatura Carreras y especialidades Ingenier\u00eda Contador P\u00fablico Administraci\u00f3n de Empresas El prop\u00f3sito Brindar un espacio de pr\u00e1ctica y aprendizaje a los estudiantes, ya que en AMINSA confiamos en el &hellip; <\/p>\n","protected":false},"author":1,"featured_media":0,"parent":0,"menu_order":0,"comment_status":"closed","ping_status":"closed","template":"","meta":[],"_links":{"self":[{"href":"https:\/\/aguascalientes.tecnm.mx\/clia\/index.php?rest_route=\/wp\/v2\/pages\/409"}],"collection":[{"href":"https:\/\/aguascalientes.tecnm.mx\/clia\/index.php?rest_route=\/wp\/v2\/pages"}],"about":[{"href":"https:\/\/aguascalientes.tecnm.mx\/clia\/index.php?rest_route=\/wp\/v2\/types\/page"}],"author":[{"embeddable":true,"href":"https:\/\/aguascalientes.tecnm.mx\/clia\/index.php?rest_route=\/wp\/v2\/users\/1"}],"replies":[{"embeddable":true,"href":"https:\/\/aguascalientes.tecnm.mx\/clia\/index.php?rest_route=%2Fwp%2Fv2%2Fcomments&post=409"}],"version-history":[{"count":5,"href":"https:\/\/aguascalientes.tecnm.mx\/clia\/index.php?rest_route=\/wp\/v2\/pages\/409\/revisions"}],"predecessor-version":[{"id":429,"href":"https:\/\/aguascalientes.tecnm.mx\/clia\/index.php?rest_route=\/wp\/v2\/pages\/409\/revisions\/429"}],"wp:attachment":[{"href":"https:\/\/aguascalientes.tecnm.mx\/clia\/index.php?rest_route=%2Fwp%2Fv2%2Fmedia&parent=409"}],"curies":[{"name":"wp","href":"https:\/\/api.w.org\/{rel}","templated":true}]}}