{"id":253,"date":"2020-11-23T20:50:23","date_gmt":"2020-11-23T20:50:23","guid":{"rendered":"http:\/\/aguascalientes.tecnm.mx\/cluster\/?page_id=253"},"modified":"2021-02-26T20:05:48","modified_gmt":"2021-02-26T20:05:48","slug":"universidad-panamericana","status":"publish","type":"page","link":"https:\/\/aguascalientes.tecnm.mx\/clia\/?page_id=253","title":{"rendered":"Universidad Panamericana"},"content":{"rendered":"\n<p>Responsable de vinculaci\u00f3n<\/p>\n\n\n\n<div class=\"wp-block-group\"><div class=\"wp-block-group__inner-container\">\n<div class=\"wp-block-image\"><figure class=\"alignright size-large is-resized\"><img loading=\"lazy\" src=\"http:\/\/aguascalientes.tecnm.mx\/clia\/wp-content\/uploads\/2020\/12\/escudo-UPA.jpg\" alt=\"\" class=\"wp-image-385\" width=\"242\" height=\"217\"\/><\/figure><\/div>\n\n\n\n<ul id=\"block-49d06fb8-99e2-4bbd-86fe-3dcfc84b42cf\"><li><strong><strong><strong>Jorge Enrique P\u00e9rez MAr<\/strong><\/strong><\/strong><\/li><li>N\u00fam. Telef\u00f3nico<ul><li>Trabajo: <strong>4499106200<\/strong><\/li><\/ul><ul><li>Cel.: <strong><strong>4494487804<\/strong><\/strong><\/li><\/ul><\/li><li>Email: <strong><strong><strong>jperez@up.edu.mx<\/strong><\/strong><\/strong><\/li><\/ul>\n\n\n\n<p><\/p>\n\n\n\n<p><strong>Programas<\/strong><\/p>\n<\/div><\/div>\n\n\n\n<ul id=\"block-5f7150cf-bcf8-413b-b617-1592cbfc2c79\"><li>Pr\u00e1cticas o residencias profesionales<\/li><li>No cuenta con programas en la modalidad dual<\/li><\/ul>\n\n\n\n<p><strong>Nivel Educativo<\/strong><\/p>\n\n\n\n<ul><li>Licenciatura<\/li><\/ul>\n\n\n\n<p><\/p>\n\n\n\n<p id=\"block-d0d74529-2b25-4ab5-99e7-8ccf12c2151a\"><strong>Carreras y especialidades <\/strong><\/p>\n\n\n\n<ul><li>Ingenier\u00eda en Tecnolog\u00edas Energ\u00e9ticas<\/li><li>Ingenier\u00eda Industrial<\/li><li>Ingenier\u00eda en Innovaci\u00f3n y Dise\u00f1o<\/li><li>Administraci\u00f3n y Finanzas<\/li><li>Administraci\u00f3n y Mercadotecnia<\/li><\/ul>\n\n\n\n<p id=\"block-ecb87a5e-7a3d-4a95-adcd-ca91e964dc74\"><strong>Prop\u00f3sito<\/strong><\/p>\n\n\n\n<ul><li>Permitir aplicar y complementar los conocimientos adquiridos en la formaci\u00f3n acad\u00e9mica, favoreciendo la adquisici\u00f3n de competencias que puedan preparar a los alumnos para el ejercicio de actividades profesionales, faciliten su empleabilidad y fomenten su capacidad de emprendimiento.<\/li><\/ul>\n\n\n\n<p id=\"block-5f89799d-0692-40a7-95b3-df8cc6496b31\"><strong>Periodo de duraci\u00f3n<\/strong> <\/p>\n\n\n\n<ul><li>Las practicas coordinadas por Career services no tienen ning\u00fan valor curricular, ya que no son de car\u00e1cter obligatorio.<\/li><li>Las pr\u00e1cticas con valor curricular se gestionan desde Escuelas y Facultades<\/li><\/ul>\n\n\n\n<p id=\"block-dd0553cf-3139-4ee5-8e3a-8bb1e8c1da70\"><strong>Las principales caracter\u00edsticas<\/strong><\/p>\n\n\n\n<ul><li>Complementar el aprendizaje te\u00f3rico y pr\u00e1ctico, contribuyendo a tu formaci\u00f3n integral<\/li><li>Facilitar el conocimiento de la realidad profesional&nbsp;&nbsp;&nbsp;<\/li><li>Favorecer el desarrollo de competencias t\u00e9cnicas, metodol\u00f3gicas, personales y participativas<\/li><li>Facilitar la inserci\u00f3n en el mercado laboral&nbsp;&nbsp;<\/li><li>Fomentar valores como la innovaci\u00f3n, la creatividad y el emprendimiento<\/li><\/ul>\n\n\n\n<p id=\"block-d9235259-18ab-4ae4-bd8f-a927fc0501d5\"><strong>Procedimiento para la realizaci\u00f3n de pr\u00e1cticas, residencias profesionales o dual<\/strong><\/p>\n\n\n\n<ul><li>El alumno debe tener el 70% de los cr\u00e9ditos cubiertos.<\/li><li>Tener un promedio mayor a 8.0<\/li><li>La empresa debe tener firmado el convenio de colaboraci\u00f3n con la UP<\/li><li>Debe ser un proyecto relacionado con su carrera.<\/li><li>La duraci\u00f3n de ellas es de m\u00e1ximo 6 meses.&nbsp;<\/li><\/ul>\n\n\n\n<p id=\"block-5cc82c39-43c6-4ec3-af62-08cbe5764fbd\"><strong>Estudiantes que realizaron su pr\u00e1ctica, residencia profesional o modelo dual durante el a\u00f1o 2020 por carrera:<\/strong><\/p>\n\n\n\n<figure class=\"wp-block-table\"><table><tbody><tr><td>Finanzas<\/td><td>13<\/td><\/tr><tr><td>Mercadotecnia<\/td><td>11<\/td><\/tr><tr><td>Industrial<\/td><td>7<\/td><\/tr><tr><td>Innovaci\u00f3n y Dise\u00f1o<\/td><td>10<\/td><\/tr><tr><td>Tecnolog\u00edas En\u00e9rgicas<\/td><td>3<\/td><\/tr><tr><td>Negocios Internacionales<\/td><td>2<\/td><\/tr><\/tbody><\/table><\/figure>\n\n\n\n<p><strong><strong>Aportaciones y recomendaciones<\/strong><\/strong><\/p>\n\n\n\n<ul><li>Considero que ser\u00eda muy importante el desarrollo de proyectos donde los estudiantes puedan participar en ellos pero que dichos proyectos puedan ser la base para la detecci\u00f3n de talento para las empresas y as\u00ed formar una cartera de posibles contrataciones en el futuro.<\/li><\/ul>\n","protected":false},"excerpt":{"rendered":"<p>Responsable de vinculaci\u00f3n Pr\u00e1cticas o residencias profesionales No cuenta con programas en la modalidad dual Nivel Educativo Licenciatura Carreras y especialidades Ingenier\u00eda en Tecnolog\u00edas Energ\u00e9ticas Ingenier\u00eda Industrial Ingenier\u00eda en Innovaci\u00f3n y Dise\u00f1o Administraci\u00f3n y Finanzas Administraci\u00f3n y Mercadotecnia Prop\u00f3sito Permitir aplicar y complementar los conocimientos adquiridos en la formaci\u00f3n acad\u00e9mica, favoreciendo la adquisici\u00f3n de competencias &hellip; <\/p>\n","protected":false},"author":2,"featured_media":0,"parent":0,"menu_order":0,"comment_status":"closed","ping_status":"closed","template":"","meta":[],"_links":{"self":[{"href":"https:\/\/aguascalientes.tecnm.mx\/clia\/index.php?rest_route=\/wp\/v2\/pages\/253"}],"collection":[{"href":"https:\/\/aguascalientes.tecnm.mx\/clia\/index.php?rest_route=\/wp\/v2\/pages"}],"about":[{"href":"https:\/\/aguascalientes.tecnm.mx\/clia\/index.php?rest_route=\/wp\/v2\/types\/page"}],"author":[{"embeddable":true,"href":"https:\/\/aguascalientes.tecnm.mx\/clia\/index.php?rest_route=\/wp\/v2\/users\/2"}],"replies":[{"embeddable":true,"href":"https:\/\/aguascalientes.tecnm.mx\/clia\/index.php?rest_route=%2Fwp%2Fv2%2Fcomments&post=253"}],"version-history":[{"count":6,"href":"https:\/\/aguascalientes.tecnm.mx\/clia\/index.php?rest_route=\/wp\/v2\/pages\/253\/revisions"}],"predecessor-version":[{"id":426,"href":"https:\/\/aguascalientes.tecnm.mx\/clia\/index.php?rest_route=\/wp\/v2\/pages\/253\/revisions\/426"}],"wp:attachment":[{"href":"https:\/\/aguascalientes.tecnm.mx\/clia\/index.php?rest_route=%2Fwp%2Fv2%2Fmedia&parent=253"}],"curies":[{"name":"wp","href":"https:\/\/api.w.org\/{rel}","templated":true}]}}