{"id":250,"date":"2020-11-23T20:38:51","date_gmt":"2020-11-23T20:38:51","guid":{"rendered":"http:\/\/aguascalientes.tecnm.mx\/cluster\/?page_id=250"},"modified":"2021-02-26T20:04:17","modified_gmt":"2021-02-26T20:04:17","slug":"marelli-mexicana-s-a-de-c-v","status":"publish","type":"page","link":"https:\/\/aguascalientes.tecnm.mx\/clia\/?page_id=250","title":{"rendered":"Marelli Mexicana"},"content":{"rendered":"\n<p><strong>Responsable de Vinculaci\u00f3n<\/strong><\/p>\n\n\n\n<div class=\"wp-block-group\"><div class=\"wp-block-group__inner-container\">\n<div class=\"wp-block-image\"><figure class=\"alignright size-large is-resized\"><img loading=\"lazy\" src=\"http:\/\/aguascalientes.tecnm.mx\/clia\/wp-content\/uploads\/2020\/11\/64698133_2215735678509731_1086358986216701952_n.jpg\" alt=\"\" class=\"wp-image-251\" width=\"308\" height=\"308\"\/><\/figure><\/div>\n\n\n\n<ul id=\"block-49d06fb8-99e2-4bbd-86fe-3dcfc84b42cf\"><li><strong><strong>Pamela Rivera<\/strong><\/strong><\/li><li>N\u00fam. Telef\u00f3nico<ul><li>Cel.: <strong>449415 7036<\/strong><\/li><\/ul><\/li><li>Email: <strong><strong>pamela.rivera@marelli.com<\/strong><\/strong><\/li><\/ul>\n<\/div><\/div>\n\n\n\n<p>.<\/p>\n\n\n\n<p><strong>Programas<\/strong><\/p>\n\n\n\n<ul id=\"block-5f7150cf-bcf8-413b-b617-1592cbfc2c79\"><li>Pr\u00e1cticas o residencias profesionales<\/li><li>No cuenta con programas en la modalidad dual<\/li><\/ul>\n\n\n\n<p><strong>Nivel Educativo<\/strong><\/p>\n\n\n\n<ul><li><strong>TSU <\/strong><\/li><li><strong>Licenciatura<\/strong><\/li><\/ul>\n\n\n\n<p><\/p>\n\n\n\n<p id=\"block-d0d74529-2b25-4ab5-99e7-8ccf12c2151a\"><strong>Carreras y especialidades de los practicantes o residentes <\/strong><\/p>\n\n\n\n<ul><li>Ing. Industrial <\/li><li>Mantenimiento<\/li><li>Electr\u00f3nica<\/li><li>Mec\u00e1nica<\/li><li>Relaciones Industriales<\/li><li>Gesti\u00f3n Empresarial<\/li><li>LAE.<\/li><\/ul>\n\n\n\n<p id=\"block-ecb87a5e-7a3d-4a95-adcd-ca91e964dc74\"><strong>Prop\u00f3sito <\/strong><\/p>\n\n\n\n<ul><li>Desarrollar a los residentes para que cuando terminen sus estudios puedan ocupar una vacante dentro del \u00e1rea en la que realizan sus pr\u00e1cticas.<\/li><\/ul>\n\n\n\n<p id=\"block-5f89799d-0692-40a7-95b3-df8cc6496b31\"><strong>Periodo de duraci\u00f3n <\/strong><\/p>\n\n\n\n<ul><li>6 meses, 5 horas diarias.<\/li><\/ul>\n\n\n\n<p id=\"block-dd0553cf-3139-4ee5-8e3a-8bb1e8c1da70\"><strong>Principales caracter\u00edsticas <\/strong><\/p>\n\n\n\n<ul id=\"block-26a1c8ee-f1c9-4d0c-bdca-1903689885d0\"><li>Realmente a los Practicantes se les integra como un colaborador<\/li><li> Se le asignan tareas y responsabilidades con el fin de desarrollarlos como profesionales<\/li><li>No solo en apoyo de actividades como sacar copias. <\/li><li>Realmente se les apoya para que apliquen sus conocimientos como profesionales. <\/li><li>Con los cuidados que conlleva el ser Practicante.<\/li><\/ul>\n\n\n\n<p id=\"block-d9235259-18ab-4ae4-bd8f-a927fc0501d5\"><strong>Procedimiento para la realizaci\u00f3n de pr\u00e1cticas y residencias profesionales <\/strong><\/p>\n\n\n\n<ul id=\"block-2dbdec6c-abf8-4d89-ab35-9a2c75e221bd\"><li>(Se hace reclutamiento como una vacante de planta)<\/li><\/ul>\n\n\n\n<p><strong>Apoyos Otorgados<\/strong><\/p>\n\n\n\n<ul><li>Econ\u00f3mico<\/li><li>Comedor <\/li><li>Uniforme<\/li><\/ul>\n\n\n\n<p><strong>Fines<\/strong><\/p>\n\n\n\n<ul><li>Continuidad <\/li><li>Empleabilidad<\/li><\/ul>\n\n\n\n<p><strong>Prop\u00f3sito<\/strong><\/p>\n\n\n\n<ul><li>Desarrollar a los residentes para que cuando terminen sus estudios puedan ocupar una vacante dentro del \u00e1rea en la que realizan sus pr\u00e1cticas.<\/li><\/ul>\n\n\n\n<p id=\"block-5cc82c39-43c6-4ec3-af62-08cbe5764fbd\"><strong>Estudiantes que realizaron su pr\u00e1ctica o residencia profesional  durante el a\u00f1o 2020<\/strong><\/p>\n\n\n\n<figure class=\"wp-block-table\"><table><tbody><tr><td>Ing. Industrial<\/td><td>13<\/td><\/tr><tr><td>Ing. Mec\u00e1nica<\/td><td>11<\/td><\/tr><tr><td>Ing. Mecatr\u00f3nica<\/td><td>7<\/td><\/tr><tr><td>Ing. En Mtto<\/td><td>10<\/td><\/tr><tr><td>Gesti\u00f3n Empresarial<\/td><td>3<\/td><\/tr><tr><td>LAE<\/td><td>2<\/td><\/tr><tr><td>L.R.I<\/td><td>2<\/td><\/tr><\/tbody><\/table><\/figure>\n\n\n\n<p><strong>En caso de liberar vacantes en el 2021 se tiene siempre estimada una plantilla de 48 practicantes de las carreras antes mencionadas.<\/strong><\/p>\n\n\n\n<p><\/p>\n","protected":false},"excerpt":{"rendered":"<p>Responsable de Vinculaci\u00f3n . Programas Pr\u00e1cticas o residencias profesionales No cuenta con programas en la modalidad dual Nivel Educativo TSU Licenciatura Carreras y especialidades de los practicantes o residentes Ing. Industrial Mantenimiento Electr\u00f3nica Mec\u00e1nica Relaciones Industriales Gesti\u00f3n Empresarial LAE. Prop\u00f3sito Desarrollar a los residentes para que cuando terminen sus estudios puedan ocupar una vacante dentro &hellip; <\/p>\n","protected":false},"author":2,"featured_media":0,"parent":0,"menu_order":0,"comment_status":"closed","ping_status":"closed","template":"","meta":[],"_links":{"self":[{"href":"https:\/\/aguascalientes.tecnm.mx\/clia\/index.php?rest_route=\/wp\/v2\/pages\/250"}],"collection":[{"href":"https:\/\/aguascalientes.tecnm.mx\/clia\/index.php?rest_route=\/wp\/v2\/pages"}],"about":[{"href":"https:\/\/aguascalientes.tecnm.mx\/clia\/index.php?rest_route=\/wp\/v2\/types\/page"}],"author":[{"embeddable":true,"href":"https:\/\/aguascalientes.tecnm.mx\/clia\/index.php?rest_route=\/wp\/v2\/users\/2"}],"replies":[{"embeddable":true,"href":"https:\/\/aguascalientes.tecnm.mx\/clia\/index.php?rest_route=%2Fwp%2Fv2%2Fcomments&post=250"}],"version-history":[{"count":16,"href":"https:\/\/aguascalientes.tecnm.mx\/clia\/index.php?rest_route=\/wp\/v2\/pages\/250\/revisions"}],"predecessor-version":[{"id":422,"href":"https:\/\/aguascalientes.tecnm.mx\/clia\/index.php?rest_route=\/wp\/v2\/pages\/250\/revisions\/422"}],"wp:attachment":[{"href":"https:\/\/aguascalientes.tecnm.mx\/clia\/index.php?rest_route=%2Fwp%2Fv2%2Fmedia&parent=250"}],"curies":[{"name":"wp","href":"https:\/\/api.w.org\/{rel}","templated":true}]}}