{"id":222,"date":"2020-11-19T01:15:51","date_gmt":"2020-11-19T01:15:51","guid":{"rendered":"http:\/\/aguascalientes.tecnm.mx\/cluster\/?page_id=222"},"modified":"2021-02-26T20:04:43","modified_gmt":"2021-02-26T20:04:43","slug":"softtek","status":"publish","type":"page","link":"https:\/\/aguascalientes.tecnm.mx\/clia\/?page_id=222","title":{"rendered":"Softtek"},"content":{"rendered":"\n<p><strong>Responsable de vinculaci\u00f3n<\/strong><\/p>\n\n\n\n<div class=\"wp-block-group\"><div class=\"wp-block-group__inner-container\">\n<div class=\"wp-block-group\"><div class=\"wp-block-group__inner-container\">\n<div class=\"wp-block-image\"><figure class=\"alignright size-large is-resized\"><img loading=\"lazy\" src=\"http:\/\/aguascalientes.tecnm.mx\/clia\/wp-content\/uploads\/2020\/11\/softtek-logo.png\" alt=\"\" class=\"wp-image-217\" width=\"338\" height=\"134\"\/><\/figure><\/div>\n\n\n\n<ul id=\"block-0e036ce0-6b80-40a3-8a5d-32e39e53330b\"><li>&nbsp;<strong><strong>Jose Ra\u00fal Esquivel Ugarte<\/strong><\/strong><\/li><li>N\u00fam. Telef\u00f3nico<ul><li>Trabajo:&nbsp;<strong><strong>449 9107800 ext.8493<\/strong><\/strong><\/li><li>Cel.: <strong>449 2756350<\/strong><\/li><\/ul><\/li><li>Email: <strong>jose.esquivel@softtek.com<\/strong><\/li><\/ul>\n\n\n\n<p>.<\/p>\n<\/div><\/div>\n\n\n\n<ul><li><strong>Programas <\/strong><ul><li>Cuentan con un modelo similar denominado \u201cMomentum\u201d, el cual, se asemeja a las Residencias o Pr\u00e1cticas profesionales. En este programa los estudiantes tienen un convenio con un ingreso econ\u00f3mico y un compromiso a las reglas y pol\u00edticas del programa<\/li><\/ul><\/li><li>No c<strong>uenta con programas en la modalidad dual<\/strong><\/li><\/ul>\n\n\n\n<div class=\"wp-block-group\"><div class=\"wp-block-group__inner-container\">\n<p><strong>Nivel educativo <\/strong><\/p>\n\n\n\n<ul><li>TSU<\/li><li>Licenciatura<\/li><\/ul>\n<\/div><\/div>\n<\/div><\/div>\n\n\n\n<p><strong>Carreras y especialidades<\/strong>  <\/p>\n\n\n\n<ul><li>Licenciaturas o Ingenier\u00edas orientadas a Tecnolog\u00edas de Informaci\u00f3n, Sistemas, inform\u00e1tica,<\/li><li>Comercio Internacional <\/li><li>Administraci\u00f3n de Empresas, para el servicio de BPO<\/li><\/ul>\n\n\n\n<p><strong>Prop\u00f3sito <\/strong><\/p>\n\n\n\n<ul><li>Generar nuevo talento que permita a la empresa continuar creciendo y cubrir sus necesidades, as\u00ed como renovar la base de talento mediante un plan de desarrollo, sucesi\u00f3n y crecimiento.<\/li><\/ul>\n\n\n\n<p><strong>Periodo de duraci\u00f3n<\/strong> <\/p>\n\n\n\n<ul><li>De dos a tres a\u00f1os, cubriendo el estudiante siete horas diarias y 35 a la semana.<\/li><\/ul>\n\n\n\n<div class=\"wp-block-group\"><div class=\"wp-block-group__inner-container\">\n<p><strong>Principales caracter\u00edsticas<\/strong><\/p>\n\n\n\n<ul><li>El programa es una experiencia enriquecedora y permite al estudiante involucrarse totalmente en el desarrollo de los proyectos.<\/li><li>Los estudiantes aprenden de otros miembros del equipo.<\/li><li>Los participantes aprenden en t\u00e9rminos reales con el nivel de responsabilidad y compromiso alineado a su nivel de experiencia.<\/li><\/ul>\n\n\n\n<p><\/p>\n<\/div><\/div>\n\n\n\n<p><strong>Procedimiento<\/strong><\/p>\n\n\n\n<ol><li>Los interesados tienen que acudir a Softtek o bien en el website con su CV <\/li><li>Despu\u00e9s deber\u00e1n aprobar  una serie de entrevisas. <\/li><li>Los estudiantes aceptados en el programa, son evaluados cada seis meses y con base en su desempe\u00f1o se le da continuidad o se termina su participaci\u00f3n.<\/li><\/ol>\n\n\n\n<div class=\"wp-block-group\"><div class=\"wp-block-group__inner-container\">\n<p><strong>Apoyos otorgados <\/strong><\/p>\n\n\n\n<ul><li>Ingreso econ\u00f3mico.<\/li><\/ul>\n<\/div><\/div>\n\n\n\n<p><\/p>\n\n\n\n<p><strong>Fines<\/strong><\/p>\n\n\n\n<ul><li>Continuidad <\/li><li>Empleabilidad<\/li><\/ul>\n\n\n\n<p><strong>Apoyos otorgados<\/strong><\/p>\n\n\n\n<ul><li>Salario basado en sus aptitudes y desempe\u00f1o<\/li><\/ul>\n\n\n\n<p><\/p>\n\n\n\n<p><strong>Estudiantes que realizaron su pr\u00e1ctica, residencia profesional o modelo dual durante el a\u00f1o 2020 <\/strong><\/p>\n\n\n\n<ul><li>18 estudiantes, debido a la pandemia.<\/li><li>En los a\u00f1os anteriores se aceptaron a 60 estudiantes de las carreras enfocadas a Sistemas, Inform\u00e1tica y Computaci\u00f3n.<\/li><li>En 2021 seguramente se abrir\u00e1n nuevas oportunidades de manera gradual.<\/li><\/ul>\n\n\n\n<p><span style=\"\"><b>Aportaciones y <\/b><\/span><strong><strong>recomendaciones <\/strong><\/strong><\/p>\n\n\n\n<ul><li>Los estudiantes deben trabajar con el proceso de Ingles a un nivel profesional para que puedan integrarse con mejores aptitudes en sus actividades y tareas.<\/li><\/ul>\n","protected":false},"excerpt":{"rendered":"<p>Responsable de vinculaci\u00f3n Carreras y especialidades Licenciaturas o Ingenier\u00edas orientadas a Tecnolog\u00edas de Informaci\u00f3n, Sistemas, inform\u00e1tica, Comercio Internacional Administraci\u00f3n de Empresas, para el servicio de BPO Prop\u00f3sito Generar nuevo talento que permita a la empresa continuar creciendo y cubrir sus necesidades, as\u00ed como renovar la base de talento mediante un plan de desarrollo, sucesi\u00f3n y &hellip; <\/p>\n","protected":false},"author":2,"featured_media":0,"parent":0,"menu_order":0,"comment_status":"closed","ping_status":"closed","template":"","meta":[],"_links":{"self":[{"href":"https:\/\/aguascalientes.tecnm.mx\/clia\/index.php?rest_route=\/wp\/v2\/pages\/222"}],"collection":[{"href":"https:\/\/aguascalientes.tecnm.mx\/clia\/index.php?rest_route=\/wp\/v2\/pages"}],"about":[{"href":"https:\/\/aguascalientes.tecnm.mx\/clia\/index.php?rest_route=\/wp\/v2\/types\/page"}],"author":[{"embeddable":true,"href":"https:\/\/aguascalientes.tecnm.mx\/clia\/index.php?rest_route=\/wp\/v2\/users\/2"}],"replies":[{"embeddable":true,"href":"https:\/\/aguascalientes.tecnm.mx\/clia\/index.php?rest_route=%2Fwp%2Fv2%2Fcomments&post=222"}],"version-history":[{"count":10,"href":"https:\/\/aguascalientes.tecnm.mx\/clia\/index.php?rest_route=\/wp\/v2\/pages\/222\/revisions"}],"predecessor-version":[{"id":423,"href":"https:\/\/aguascalientes.tecnm.mx\/clia\/index.php?rest_route=\/wp\/v2\/pages\/222\/revisions\/423"}],"wp:attachment":[{"href":"https:\/\/aguascalientes.tecnm.mx\/clia\/index.php?rest_route=%2Fwp%2Fv2%2Fmedia&parent=222"}],"curies":[{"name":"wp","href":"https:\/\/api.w.org\/{rel}","templated":true}]}}